{"id":15383,"date":"2018-11-26T14:17:46","date_gmt":"2018-11-26T18:17:46","guid":{"rendered":"http:\/\/www.mpppst.gob.ve\/mpppstweb\/?page_id=15383"},"modified":"2018-11-26T14:19:25","modified_gmt":"2018-11-26T18:19:25","slug":"opinion-avanzando","status":"publish","type":"page","link":"https:\/\/www.mpppst.gob.ve\/mpppstweb\/index.php\/opinion-avanzando\/","title":{"rendered":"Opini\u00f3n: Avanzando"},"content":{"rendered":"<p>Por: Eduardo Pi\u00f1ate R<\/p>\n<p>Se cumplieron noventa d\u00edas de la entrada en vigencia del Programa de Recuperaci\u00f3n Econ\u00f3mica, Crecimiento y Prosperidad, en los que, como era l\u00f3gico suponer y as\u00ed fue anunciado por el presidente Nicol\u00e1s Maduro, la b\u00fasqueda de los nuevos equilibrios macroecon\u00f3micos, el fortalecimiento del salario, la b\u00fasqueda de la estabilidad de los precios, junto con la protecci\u00f3n social del pueblo, el fortalecimiento de las fuerzas productivas nacionales y de la producci\u00f3n; se han estado enfrentando contra la oligarqu\u00eda antinacional y antipopular, aliada del imperialismo, que sigue haciendo uso de sus armas principales el alza especulativa de precios, la manipulaci\u00f3n a trav\u00e9s del d\u00f3lar de guerra y el bloqueo comercial y financiero de Venezuela para anular los efectos positivos del incremento salarial de 6.000% que decret\u00f3 el Presidente de la Rep\u00fablica a partir del 1 de septiembre de este a\u00f1o y obstaculizar el logro de los objetivos del Programa. No obstante, avanzamos en el logro de los objetivos en materia fiscal, monetaria y cambiaria y el salario, pese a que ha sido muy golpeado por el alza de precios, sigue manteniendo una capacidad de compra superior al per\u00edodo inmediatamente anterior al 1 de septiembre. Todav\u00eda nos quedan batallas que dar en este terreno que venceremos con nuestra unidad y lucha.<\/p>\n<p>La derecha del continente y del mundo, dirigida por la \u00e9lite fascista que gobierna en los EEUU, contin\u00faa empecinada en una guerra medi\u00e1tica que se acerca a los 20 a\u00f1os sin que hayan podido con la conciencia revolucionaria de nuestro pueblo, que hoy es mucho mayor. La campa\u00f1a de infamia acerca de un supuesto \u00e9xodo de venezolanos y de la inexistente crisis humanitaria ha sido derrotada por nuestro pueblo y nuestra direcci\u00f3n pol\u00edtica. Quienes nos acusan desde Honduras o Guatemala son quienes tienen hoy esos problemas.<\/p>\n<p>Las amenazas de guerra e invasi\u00f3n que no debemos menospreciar ni subestimar nunca pierden fuerza. Al parecer en el continente, en Europa y hasta en los EEUU, surgen voces que abogan por el di\u00e1logo con el gobierno revolucionario, debilitando a los guerreristas de la ultraderecha venezolana y de otras latitudes. Signos de que avanzamos. Seguimos venciendo.<\/p>\n","protected":false},"excerpt":{"rendered":"<p>Por: Eduardo Pi\u00f1ate R Se cumplieron noventa d\u00edas de la entrada en vigencia del Programa de &hellip; <a title=\"Opini\u00f3n: Avanzando\" class=\"hm-read-more\" href=\"https:\/\/www.mpppst.gob.ve\/mpppstweb\/index.php\/opinion-avanzando\/\"><span class=\"screen-reader-text\">Opini\u00f3n: Avanzando<\/span>Read more<\/a><\/p>\n","protected":false},"author":25,"featured_media":15384,"parent":0,"menu_order":0,"comment_status":"closed","ping_status":"closed","template":"","meta":{"footnotes":""},"yoast_head":"<!-- This site is optimized with the Yoast SEO plugin v22.5 - https:\/\/yoast.com\/wordpress\/plugins\/seo\/ -->\n<title>Opini\u00f3n: Avanzando - MPPPST<\/title>\n<meta name=\"robots\" content=\"index, follow, max-snippet:-1, max-image-preview:large, max-video-preview:-1\" \/>\n<link rel=\"canonical\" href=\"https:\/\/www.mpppst.gob.ve\/mpppstweb\/index.php\/opinion-avanzando\/\" \/>\n<meta property=\"og:locale\" content=\"es_ES\" \/>\n<meta property=\"og:type\" content=\"article\" \/>\n<meta property=\"og:title\" content=\"Opini\u00f3n: Avanzando - MPPPST\" \/>\n<meta property=\"og:description\" content=\"Por: Eduardo Pi\u00f1ate R Se cumplieron noventa d\u00edas de la entrada en vigencia del Programa de &hellip; Opini\u00f3n: AvanzandoRead more\" \/>\n<meta property=\"og:url\" content=\"https:\/\/www.mpppst.gob.ve\/mpppstweb\/index.php\/opinion-avanzando\/\" \/>\n<meta property=\"og:site_name\" content=\"MPPPST\" \/>\n<meta property=\"article:modified_time\" content=\"2018-11-26T18:19:25+00:00\" \/>\n<meta property=\"og:image\" content=\"https:\/\/www.mpppst.gob.ve\/mpppstweb\/wp-content\/uploads\/2018\/11\/Pi\u00f1ate-1-e1543177172891-540x382.jpg\" \/>\n\t<meta property=\"og:image:width\" content=\"540\" \/>\n\t<meta property=\"og:image:height\" content=\"382\" \/>\n\t<meta property=\"og:image:type\" content=\"image\/jpeg\" \/>\n<meta name=\"twitter:card\" content=\"summary_large_image\" \/>\n<meta name=\"twitter:label1\" content=\"Tiempo de lectura\" \/>\n\t<meta name=\"twitter:data1\" content=\"2 minutos\" \/>\n<script type=\"application\/ld+json\" class=\"yoast-schema-graph\">{\"@context\":\"https:\/\/schema.org\",\"@graph\":[{\"@type\":\"WebPage\",\"@id\":\"https:\/\/www.mpppst.gob.ve\/mpppstweb\/index.php\/opinion-avanzando\/\",\"url\":\"https:\/\/www.mpppst.gob.ve\/mpppstweb\/index.php\/opinion-avanzando\/\",\"name\":\"Opini\u00f3n: Avanzando - MPPPST\",\"isPartOf\":{\"@id\":\"https:\/\/www.mpppst.gob.ve\/mpppstweb\/#website\"},\"primaryImageOfPage\":{\"@id\":\"https:\/\/www.mpppst.gob.ve\/mpppstweb\/index.php\/opinion-avanzando\/#primaryimage\"},\"image\":{\"@id\":\"https:\/\/www.mpppst.gob.ve\/mpppstweb\/index.php\/opinion-avanzando\/#primaryimage\"},\"thumbnailUrl\":\"https:\/\/www.mpppst.gob.ve\/mpppstweb\/wp-content\/uploads\/2018\/11\/Pi\u00f1ate-1-e1543177172891-540x382.jpg\",\"datePublished\":\"2018-11-26T18:17:46+00:00\",\"dateModified\":\"2018-11-26T18:19:25+00:00\",\"breadcrumb\":{\"@id\":\"https:\/\/www.mpppst.gob.ve\/mpppstweb\/index.php\/opinion-avanzando\/#breadcrumb\"},\"inLanguage\":\"es\",\"potentialAction\":[{\"@type\":\"ReadAction\",\"target\":[\"https:\/\/www.mpppst.gob.ve\/mpppstweb\/index.php\/opinion-avanzando\/\"]}]},{\"@type\":\"ImageObject\",\"inLanguage\":\"es\",\"@id\":\"https:\/\/www.mpppst.gob.ve\/mpppstweb\/index.php\/opinion-avanzando\/#primaryimage\",\"url\":\"https:\/\/www.mpppst.gob.ve\/mpppstweb\/wp-content\/uploads\/2018\/11\/Pi\u00f1ate-1-e1543177172891-540x382.jpg\",\"contentUrl\":\"https:\/\/www.mpppst.gob.ve\/mpppstweb\/wp-content\/uploads\/2018\/11\/Pi\u00f1ate-1-e1543177172891-540x382.jpg\",\"width\":540,\"height\":382},{\"@type\":\"BreadcrumbList\",\"@id\":\"https:\/\/www.mpppst.gob.ve\/mpppstweb\/index.php\/opinion-avanzando\/#breadcrumb\",\"itemListElement\":[{\"@type\":\"ListItem\",\"position\":1,\"name\":\"Home\",\"item\":\"https:\/\/www.mpppst.gob.ve\/mpppstweb\/\"},{\"@type\":\"ListItem\",\"position\":2,\"name\":\"Opini\u00f3n: Avanzando\"}]},{\"@type\":\"WebSite\",\"@id\":\"https:\/\/www.mpppst.gob.ve\/mpppstweb\/#website\",\"url\":\"https:\/\/www.mpppst.gob.ve\/mpppstweb\/\",\"name\":\"MPPPST\",\"description\":\"Ministerio del Poder Popular para el Proceso Social de Trabajo\",\"publisher\":{\"@id\":\"https:\/\/www.mpppst.gob.ve\/mpppstweb\/#organization\"},\"potentialAction\":[{\"@type\":\"SearchAction\",\"target\":{\"@type\":\"EntryPoint\",\"urlTemplate\":\"https:\/\/www.mpppst.gob.ve\/mpppstweb\/?s={search_term_string}\"},\"query-input\":\"required name=search_term_string\"}],\"inLanguage\":\"es\"},{\"@type\":\"Organization\",\"@id\":\"https:\/\/www.mpppst.gob.ve\/mpppstweb\/#organization\",\"name\":\"mpppst\",\"url\":\"https:\/\/www.mpppst.gob.ve\/mpppstweb\/\",\"logo\":{\"@type\":\"ImageObject\",\"inLanguage\":\"es\",\"@id\":\"https:\/\/www.mpppst.gob.ve\/mpppstweb\/#\/schema\/logo\/image\/\",\"url\":\"https:\/\/www.mpppst.gob.ve\/mpppstweb\/wp-content\/uploads\/2025\/07\/cropped-cropped-g910.png\",\"contentUrl\":\"https:\/\/www.mpppst.gob.ve\/mpppstweb\/wp-content\/uploads\/2025\/07\/cropped-cropped-g910.png\",\"width\":1080,\"height\":241,\"caption\":\"mpppst\"},\"image\":{\"@id\":\"https:\/\/www.mpppst.gob.ve\/mpppstweb\/#\/schema\/logo\/image\/\"}}]}<\/script>\n<!-- \/ Yoast SEO plugin. -->","yoast_head_json":{"title":"Opini\u00f3n: Avanzando - MPPPST","robots":{"index":"index","follow":"follow","max-snippet":"max-snippet:-1","max-image-preview":"max-image-preview:large","max-video-preview":"max-video-preview:-1"},"canonical":"https:\/\/www.mpppst.gob.ve\/mpppstweb\/index.php\/opinion-avanzando\/","og_locale":"es_ES","og_type":"article","og_title":"Opini\u00f3n: Avanzando - MPPPST","og_description":"Por: Eduardo Pi\u00f1ate R Se cumplieron noventa d\u00edas de la entrada en vigencia del Programa de &hellip; Opini\u00f3n: AvanzandoRead more","og_url":"https:\/\/www.mpppst.gob.ve\/mpppstweb\/index.php\/opinion-avanzando\/","og_site_name":"MPPPST","article_modified_time":"2018-11-26T18:19:25+00:00","og_image":[{"width":540,"height":382,"url":"https:\/\/www.mpppst.gob.ve\/mpppstweb\/wp-content\/uploads\/2018\/11\/Pi\u00f1ate-1-e1543177172891-540x382.jpg","type":"image\/jpeg"}],"twitter_card":"summary_large_image","twitter_misc":{"Tiempo de lectura":"2 minutos"},"schema":{"@context":"https:\/\/schema.org","@graph":[{"@type":"WebPage","@id":"https:\/\/www.mpppst.gob.ve\/mpppstweb\/index.php\/opinion-avanzando\/","url":"https:\/\/www.mpppst.gob.ve\/mpppstweb\/index.php\/opinion-avanzando\/","name":"Opini\u00f3n: Avanzando - MPPPST","isPartOf":{"@id":"https:\/\/www.mpppst.gob.ve\/mpppstweb\/#website"},"primaryImageOfPage":{"@id":"https:\/\/www.mpppst.gob.ve\/mpppstweb\/index.php\/opinion-avanzando\/#primaryimage"},"image":{"@id":"https:\/\/www.mpppst.gob.ve\/mpppstweb\/index.php\/opinion-avanzando\/#primaryimage"},"thumbnailUrl":"https:\/\/www.mpppst.gob.ve\/mpppstweb\/wp-content\/uploads\/2018\/11\/Pi\u00f1ate-1-e1543177172891-540x382.jpg","datePublished":"2018-11-26T18:17:46+00:00","dateModified":"2018-11-26T18:19:25+00:00","breadcrumb":{"@id":"https:\/\/www.mpppst.gob.ve\/mpppstweb\/index.php\/opinion-avanzando\/#breadcrumb"},"inLanguage":"es","potentialAction":[{"@type":"ReadAction","target":["https:\/\/www.mpppst.gob.ve\/mpppstweb\/index.php\/opinion-avanzando\/"]}]},{"@type":"ImageObject","inLanguage":"es","@id":"https:\/\/www.mpppst.gob.ve\/mpppstweb\/index.php\/opinion-avanzando\/#primaryimage","url":"https:\/\/www.mpppst.gob.ve\/mpppstweb\/wp-content\/uploads\/2018\/11\/Pi\u00f1ate-1-e1543177172891-540x382.jpg","contentUrl":"https:\/\/www.mpppst.gob.ve\/mpppstweb\/wp-content\/uploads\/2018\/11\/Pi\u00f1ate-1-e1543177172891-540x382.jpg","width":540,"height":382},{"@type":"BreadcrumbList","@id":"https:\/\/www.mpppst.gob.ve\/mpppstweb\/index.php\/opinion-avanzando\/#breadcrumb","itemListElement":[{"@type":"ListItem","position":1,"name":"Home","item":"https:\/\/www.mpppst.gob.ve\/mpppstweb\/"},{"@type":"ListItem","position":2,"name":"Opini\u00f3n: Avanzando"}]},{"@type":"WebSite","@id":"https:\/\/www.mpppst.gob.ve\/mpppstweb\/#website","url":"https:\/\/www.mpppst.gob.ve\/mpppstweb\/","name":"MPPPST","description":"Ministerio del Poder Popular para el Proceso Social de Trabajo","publisher":{"@id":"https:\/\/www.mpppst.gob.ve\/mpppstweb\/#organization"},"potentialAction":[{"@type":"SearchAction","target":{"@type":"EntryPoint","urlTemplate":"https:\/\/www.mpppst.gob.ve\/mpppstweb\/?s={search_term_string}"},"query-input":"required name=search_term_string"}],"inLanguage":"es"},{"@type":"Organization","@id":"https:\/\/www.mpppst.gob.ve\/mpppstweb\/#organization","name":"mpppst","url":"https:\/\/www.mpppst.gob.ve\/mpppstweb\/","logo":{"@type":"ImageObject","inLanguage":"es","@id":"https:\/\/www.mpppst.gob.ve\/mpppstweb\/#\/schema\/logo\/image\/","url":"https:\/\/www.mpppst.gob.ve\/mpppstweb\/wp-content\/uploads\/2025\/07\/cropped-cropped-g910.png","contentUrl":"https:\/\/www.mpppst.gob.ve\/mpppstweb\/wp-content\/uploads\/2025\/07\/cropped-cropped-g910.png","width":1080,"height":241,"caption":"mpppst"},"image":{"@id":"https:\/\/www.mpppst.gob.ve\/mpppstweb\/#\/schema\/logo\/image\/"}}]}},"_links":{"self":[{"href":"https:\/\/www.mpppst.gob.ve\/mpppstweb\/index.php\/wp-json\/wp\/v2\/pages\/15383"}],"collection":[{"href":"https:\/\/www.mpppst.gob.ve\/mpppstweb\/index.php\/wp-json\/wp\/v2\/pages"}],"about":[{"href":"https:\/\/www.mpppst.gob.ve\/mpppstweb\/index.php\/wp-json\/wp\/v2\/types\/page"}],"author":[{"embeddable":true,"href":"https:\/\/www.mpppst.gob.ve\/mpppstweb\/index.php\/wp-json\/wp\/v2\/users\/25"}],"replies":[{"embeddable":true,"href":"https:\/\/www.mpppst.gob.ve\/mpppstweb\/index.php\/wp-json\/wp\/v2\/comments?post=15383"}],"version-history":[{"count":1,"href":"https:\/\/www.mpppst.gob.ve\/mpppstweb\/index.php\/wp-json\/wp\/v2\/pages\/15383\/revisions"}],"predecessor-version":[{"id":15385,"href":"https:\/\/www.mpppst.gob.ve\/mpppstweb\/index.php\/wp-json\/wp\/v2\/pages\/15383\/revisions\/15385"}],"wp:featuredmedia":[{"embeddable":true,"href":"https:\/\/www.mpppst.gob.ve\/mpppstweb\/index.php\/wp-json\/wp\/v2\/media\/15384"}],"wp:attachment":[{"href":"https:\/\/www.mpppst.gob.ve\/mpppstweb\/index.php\/wp-json\/wp\/v2\/media?parent=15383"}],"curies":[{"name":"wp","href":"https:\/\/api.w.org\/{rel}","templated":true}]}}