{"id":16247,"date":"2019-06-13T13:38:54","date_gmt":"2019-06-13T17:38:54","guid":{"rendered":"http:\/\/www.mpppst.gob.ve\/mpppstweb\/?page_id=16247"},"modified":"2024-11-01T20:25:58","modified_gmt":"2024-11-02T00:25:58","slug":"biblioteca-virtual","status":"publish","type":"page","link":"https:\/\/www.mpppst.gob.ve\/mpppstweb\/index.php\/biblioteca-virtual\/","title":{"rendered":"Biblioteca Virtual"},"content":{"rendered":"\n<div class=\"wp-block-group is-layout-constrained wp-block-group-is-layout-constrained\"><div class=\"wp-block-group__inner-container\">\n<figure class=\"wp-block-image alignfull size-large\"><a href=\"https:\/\/www.mpppst.gob.ve\/mpppstweb\/wp-content\/uploads\/2024\/11\/WhatsApp-Image-2024-11-01-at-7.49.51-PM.jpeg\"><img decoding=\"async\" loading=\"lazy\" width=\"1024\" height=\"622\" src=\"https:\/\/www.mpppst.gob.ve\/mpppstweb\/wp-content\/uploads\/2024\/11\/WhatsApp-Image-2024-11-01-at-7.49.51-PM-1024x622.jpeg\" alt=\"\" class=\"wp-image-26831\" srcset=\"https:\/\/www.mpppst.gob.ve\/mpppstweb\/wp-content\/uploads\/2024\/11\/WhatsApp-Image-2024-11-01-at-7.49.51-PM-1024x622.jpeg 1024w, https:\/\/www.mpppst.gob.ve\/mpppstweb\/wp-content\/uploads\/2024\/11\/WhatsApp-Image-2024-11-01-at-7.49.51-PM-300x182.jpeg 300w, https:\/\/www.mpppst.gob.ve\/mpppstweb\/wp-content\/uploads\/2024\/11\/WhatsApp-Image-2024-11-01-at-7.49.51-PM-768x467.jpeg 768w, https:\/\/www.mpppst.gob.ve\/mpppstweb\/wp-content\/uploads\/2024\/11\/WhatsApp-Image-2024-11-01-at-7.49.51-PM.jpeg 1050w\" sizes=\"(max-width: 1024px) 100vw, 1024px\" \/><\/a><\/figure>\n<\/div><\/div>\n\n\n<p style=\"text-align: center;\"><strong>INTRODUCCI\u00d3N\u00a0<\/strong><\/p>\n<p style=\"text-align: left;\">\u00a0El Viceministerio de Previsi\u00f3n Social con la finalidad de promover la cultura de la Seguridad Social y en aras de desarrollar la pol\u00edtica de Inclusi\u00f3n Social, se plantea la necesidad de difundir informaci\u00f3n en torno o vinculada con un tema\u00a0 que se ha convertido en prioridad fundamental para la Revoluci\u00f3n Bolivariana.<\/p>\n<p style=\"text-align: left;\">Por ello tiene como objetivo transmitir la importancia que tiene la Seguridad Social con esta\u00a0 herramienta digital.<\/p>\n<p style=\"text-align: left;\">En esta Biblioteca Digital encontraras material de diverso tipo y formato dirigido a Profesionales, estudiantes, docentes y todo aquel ciudadano que se encuentre interesado en la tem\u00e1tica.<\/p>\n<p>&nbsp;<\/p>\n<p><a href=\"http:\/\/www.mpppst.gob.ve\/mpppstweb\/index.php\/listados-de-libros\/\" rel=\"noopener\">Listado de libros para descargar<\/a><\/p>","protected":false},"excerpt":{"rendered":"<p>INTRODUCCI\u00d3N\u00a0 \u00a0El Viceministerio de Previsi\u00f3n Social con la finalidad de promover la cultura de la Seguridad &hellip; <a title=\"Biblioteca Virtual\" class=\"hm-read-more\" href=\"https:\/\/www.mpppst.gob.ve\/mpppstweb\/index.php\/biblioteca-virtual\/\"><span class=\"screen-reader-text\">Biblioteca Virtual<\/span>Read more<\/a><\/p>\n","protected":false},"author":25,"featured_media":0,"parent":0,"menu_order":0,"comment_status":"closed","ping_status":"closed","template":"","meta":{"footnotes":""},"yoast_head":"<!-- This site is optimized with the Yoast SEO plugin v22.5 - https:\/\/yoast.com\/wordpress\/plugins\/seo\/ -->\n<title>Biblioteca Virtual - MPPPST<\/title>\n<meta name=\"robots\" content=\"index, follow, max-snippet:-1, max-image-preview:large, max-video-preview:-1\" \/>\n<link rel=\"canonical\" href=\"https:\/\/www.mpppst.gob.ve\/mpppstweb\/index.php\/biblioteca-virtual\/\" \/>\n<meta property=\"og:locale\" content=\"es_ES\" \/>\n<meta property=\"og:type\" content=\"article\" \/>\n<meta property=\"og:title\" content=\"Biblioteca Virtual - MPPPST\" \/>\n<meta property=\"og:description\" content=\"INTRODUCCI\u00d3N\u00a0 \u00a0El Viceministerio de Previsi\u00f3n Social con la finalidad de promover la cultura de la Seguridad &hellip; Biblioteca VirtualRead more\" \/>\n<meta property=\"og:url\" content=\"https:\/\/www.mpppst.gob.ve\/mpppstweb\/index.php\/biblioteca-virtual\/\" \/>\n<meta property=\"og:site_name\" content=\"MPPPST\" \/>\n<meta property=\"article:modified_time\" content=\"2024-11-02T00:25:58+00:00\" \/>\n<meta property=\"og:image\" content=\"https:\/\/www.mpppst.gob.ve\/mpppstweb\/wp-content\/uploads\/2024\/11\/WhatsApp-Image-2024-11-01-at-7.49.51-PM-1024x622.jpeg\" \/>\n<meta name=\"twitter:card\" content=\"summary_large_image\" \/>\n<meta name=\"twitter:label1\" content=\"Tiempo de lectura\" \/>\n\t<meta name=\"twitter:data1\" content=\"1 minuto\" \/>\n<script type=\"application\/ld+json\" class=\"yoast-schema-graph\">{\"@context\":\"https:\/\/schema.org\",\"@graph\":[{\"@type\":\"WebPage\",\"@id\":\"https:\/\/www.mpppst.gob.ve\/mpppstweb\/index.php\/biblioteca-virtual\/\",\"url\":\"https:\/\/www.mpppst.gob.ve\/mpppstweb\/index.php\/biblioteca-virtual\/\",\"name\":\"Biblioteca Virtual - MPPPST\",\"isPartOf\":{\"@id\":\"https:\/\/www.mpppst.gob.ve\/mpppstweb\/#website\"},\"primaryImageOfPage\":{\"@id\":\"https:\/\/www.mpppst.gob.ve\/mpppstweb\/index.php\/biblioteca-virtual\/#primaryimage\"},\"image\":{\"@id\":\"https:\/\/www.mpppst.gob.ve\/mpppstweb\/index.php\/biblioteca-virtual\/#primaryimage\"},\"thumbnailUrl\":\"https:\/\/www.mpppst.gob.ve\/mpppstweb\/wp-content\/uploads\/2024\/11\/WhatsApp-Image-2024-11-01-at-7.49.51-PM-1024x622.jpeg\",\"datePublished\":\"2019-06-13T17:38:54+00:00\",\"dateModified\":\"2024-11-02T00:25:58+00:00\",\"breadcrumb\":{\"@id\":\"https:\/\/www.mpppst.gob.ve\/mpppstweb\/index.php\/biblioteca-virtual\/#breadcrumb\"},\"inLanguage\":\"es\",\"potentialAction\":[{\"@type\":\"ReadAction\",\"target\":[\"https:\/\/www.mpppst.gob.ve\/mpppstweb\/index.php\/biblioteca-virtual\/\"]}]},{\"@type\":\"ImageObject\",\"inLanguage\":\"es\",\"@id\":\"https:\/\/www.mpppst.gob.ve\/mpppstweb\/index.php\/biblioteca-virtual\/#primaryimage\",\"url\":\"https:\/\/www.mpppst.gob.ve\/mpppstweb\/wp-content\/uploads\/2024\/11\/WhatsApp-Image-2024-11-01-at-7.49.51-PM.jpeg\",\"contentUrl\":\"https:\/\/www.mpppst.gob.ve\/mpppstweb\/wp-content\/uploads\/2024\/11\/WhatsApp-Image-2024-11-01-at-7.49.51-PM.jpeg\",\"width\":1050,\"height\":638},{\"@type\":\"BreadcrumbList\",\"@id\":\"https:\/\/www.mpppst.gob.ve\/mpppstweb\/index.php\/biblioteca-virtual\/#breadcrumb\",\"itemListElement\":[{\"@type\":\"ListItem\",\"position\":1,\"name\":\"Home\",\"item\":\"https:\/\/www.mpppst.gob.ve\/mpppstweb\/\"},{\"@type\":\"ListItem\",\"position\":2,\"name\":\"Biblioteca Virtual\"}]},{\"@type\":\"WebSite\",\"@id\":\"https:\/\/www.mpppst.gob.ve\/mpppstweb\/#website\",\"url\":\"https:\/\/www.mpppst.gob.ve\/mpppstweb\/\",\"name\":\"MPPPST\",\"description\":\"Ministerio del Poder Popular para el Proceso Social de Trabajo\",\"publisher\":{\"@id\":\"https:\/\/www.mpppst.gob.ve\/mpppstweb\/#organization\"},\"potentialAction\":[{\"@type\":\"SearchAction\",\"target\":{\"@type\":\"EntryPoint\",\"urlTemplate\":\"https:\/\/www.mpppst.gob.ve\/mpppstweb\/?s={search_term_string}\"},\"query-input\":\"required name=search_term_string\"}],\"inLanguage\":\"es\"},{\"@type\":\"Organization\",\"@id\":\"https:\/\/www.mpppst.gob.ve\/mpppstweb\/#organization\",\"name\":\"mpppst\",\"url\":\"https:\/\/www.mpppst.gob.ve\/mpppstweb\/\",\"logo\":{\"@type\":\"ImageObject\",\"inLanguage\":\"es\",\"@id\":\"https:\/\/www.mpppst.gob.ve\/mpppstweb\/#\/schema\/logo\/image\/\",\"url\":\"https:\/\/www.mpppst.gob.ve\/mpppstweb\/wp-content\/uploads\/2025\/07\/cropped-cropped-g910.png\",\"contentUrl\":\"https:\/\/www.mpppst.gob.ve\/mpppstweb\/wp-content\/uploads\/2025\/07\/cropped-cropped-g910.png\",\"width\":1080,\"height\":241,\"caption\":\"mpppst\"},\"image\":{\"@id\":\"https:\/\/www.mpppst.gob.ve\/mpppstweb\/#\/schema\/logo\/image\/\"}}]}<\/script>\n<!-- \/ Yoast SEO plugin. -->","yoast_head_json":{"title":"Biblioteca Virtual - MPPPST","robots":{"index":"index","follow":"follow","max-snippet":"max-snippet:-1","max-image-preview":"max-image-preview:large","max-video-preview":"max-video-preview:-1"},"canonical":"https:\/\/www.mpppst.gob.ve\/mpppstweb\/index.php\/biblioteca-virtual\/","og_locale":"es_ES","og_type":"article","og_title":"Biblioteca Virtual - MPPPST","og_description":"INTRODUCCI\u00d3N\u00a0 \u00a0El Viceministerio de Previsi\u00f3n Social con la finalidad de promover la cultura de la Seguridad &hellip; Biblioteca VirtualRead more","og_url":"https:\/\/www.mpppst.gob.ve\/mpppstweb\/index.php\/biblioteca-virtual\/","og_site_name":"MPPPST","article_modified_time":"2024-11-02T00:25:58+00:00","og_image":[{"url":"https:\/\/www.mpppst.gob.ve\/mpppstweb\/wp-content\/uploads\/2024\/11\/WhatsApp-Image-2024-11-01-at-7.49.51-PM-1024x622.jpeg"}],"twitter_card":"summary_large_image","twitter_misc":{"Tiempo de lectura":"1 minuto"},"schema":{"@context":"https:\/\/schema.org","@graph":[{"@type":"WebPage","@id":"https:\/\/www.mpppst.gob.ve\/mpppstweb\/index.php\/biblioteca-virtual\/","url":"https:\/\/www.mpppst.gob.ve\/mpppstweb\/index.php\/biblioteca-virtual\/","name":"Biblioteca Virtual - MPPPST","isPartOf":{"@id":"https:\/\/www.mpppst.gob.ve\/mpppstweb\/#website"},"primaryImageOfPage":{"@id":"https:\/\/www.mpppst.gob.ve\/mpppstweb\/index.php\/biblioteca-virtual\/#primaryimage"},"image":{"@id":"https:\/\/www.mpppst.gob.ve\/mpppstweb\/index.php\/biblioteca-virtual\/#primaryimage"},"thumbnailUrl":"https:\/\/www.mpppst.gob.ve\/mpppstweb\/wp-content\/uploads\/2024\/11\/WhatsApp-Image-2024-11-01-at-7.49.51-PM-1024x622.jpeg","datePublished":"2019-06-13T17:38:54+00:00","dateModified":"2024-11-02T00:25:58+00:00","breadcrumb":{"@id":"https:\/\/www.mpppst.gob.ve\/mpppstweb\/index.php\/biblioteca-virtual\/#breadcrumb"},"inLanguage":"es","potentialAction":[{"@type":"ReadAction","target":["https:\/\/www.mpppst.gob.ve\/mpppstweb\/index.php\/biblioteca-virtual\/"]}]},{"@type":"ImageObject","inLanguage":"es","@id":"https:\/\/www.mpppst.gob.ve\/mpppstweb\/index.php\/biblioteca-virtual\/#primaryimage","url":"https:\/\/www.mpppst.gob.ve\/mpppstweb\/wp-content\/uploads\/2024\/11\/WhatsApp-Image-2024-11-01-at-7.49.51-PM.jpeg","contentUrl":"https:\/\/www.mpppst.gob.ve\/mpppstweb\/wp-content\/uploads\/2024\/11\/WhatsApp-Image-2024-11-01-at-7.49.51-PM.jpeg","width":1050,"height":638},{"@type":"BreadcrumbList","@id":"https:\/\/www.mpppst.gob.ve\/mpppstweb\/index.php\/biblioteca-virtual\/#breadcrumb","itemListElement":[{"@type":"ListItem","position":1,"name":"Home","item":"https:\/\/www.mpppst.gob.ve\/mpppstweb\/"},{"@type":"ListItem","position":2,"name":"Biblioteca Virtual"}]},{"@type":"WebSite","@id":"https:\/\/www.mpppst.gob.ve\/mpppstweb\/#website","url":"https:\/\/www.mpppst.gob.ve\/mpppstweb\/","name":"MPPPST","description":"Ministerio del Poder Popular para el Proceso Social de Trabajo","publisher":{"@id":"https:\/\/www.mpppst.gob.ve\/mpppstweb\/#organization"},"potentialAction":[{"@type":"SearchAction","target":{"@type":"EntryPoint","urlTemplate":"https:\/\/www.mpppst.gob.ve\/mpppstweb\/?s={search_term_string}"},"query-input":"required name=search_term_string"}],"inLanguage":"es"},{"@type":"Organization","@id":"https:\/\/www.mpppst.gob.ve\/mpppstweb\/#organization","name":"mpppst","url":"https:\/\/www.mpppst.gob.ve\/mpppstweb\/","logo":{"@type":"ImageObject","inLanguage":"es","@id":"https:\/\/www.mpppst.gob.ve\/mpppstweb\/#\/schema\/logo\/image\/","url":"https:\/\/www.mpppst.gob.ve\/mpppstweb\/wp-content\/uploads\/2025\/07\/cropped-cropped-g910.png","contentUrl":"https:\/\/www.mpppst.gob.ve\/mpppstweb\/wp-content\/uploads\/2025\/07\/cropped-cropped-g910.png","width":1080,"height":241,"caption":"mpppst"},"image":{"@id":"https:\/\/www.mpppst.gob.ve\/mpppstweb\/#\/schema\/logo\/image\/"}}]}},"_links":{"self":[{"href":"https:\/\/www.mpppst.gob.ve\/mpppstweb\/index.php\/wp-json\/wp\/v2\/pages\/16247"}],"collection":[{"href":"https:\/\/www.mpppst.gob.ve\/mpppstweb\/index.php\/wp-json\/wp\/v2\/pages"}],"about":[{"href":"https:\/\/www.mpppst.gob.ve\/mpppstweb\/index.php\/wp-json\/wp\/v2\/types\/page"}],"author":[{"embeddable":true,"href":"https:\/\/www.mpppst.gob.ve\/mpppstweb\/index.php\/wp-json\/wp\/v2\/users\/25"}],"replies":[{"embeddable":true,"href":"https:\/\/www.mpppst.gob.ve\/mpppstweb\/index.php\/wp-json\/wp\/v2\/comments?post=16247"}],"version-history":[{"count":7,"href":"https:\/\/www.mpppst.gob.ve\/mpppstweb\/index.php\/wp-json\/wp\/v2\/pages\/16247\/revisions"}],"predecessor-version":[{"id":27430,"href":"https:\/\/www.mpppst.gob.ve\/mpppstweb\/index.php\/wp-json\/wp\/v2\/pages\/16247\/revisions\/27430"}],"wp:attachment":[{"href":"https:\/\/www.mpppst.gob.ve\/mpppstweb\/index.php\/wp-json\/wp\/v2\/media?parent=16247"}],"curies":[{"name":"wp","href":"https:\/\/api.w.org\/{rel}","templated":true}]}}