{"id":235,"date":"2014-03-21T18:19:22","date_gmt":"2014-03-21T18:19:22","guid":{"rendered":"http:\/\/www.mpppst.gob.ve\/minpptrass\/?page_id=235"},"modified":"2016-07-20T12:23:45","modified_gmt":"2016-07-20T12:23:45","slug":"leyes","status":"publish","type":"page","link":"https:\/\/www.mpppst.gob.ve\/mpppstweb\/index.php\/leyes\/","title":{"rendered":"Leyes"},"content":{"rendered":"<ul>\n<li><a href=\"\/mpppstweb\/wp-content\/uploads\/2014\/03\/CONSTITUCION_DE_LA_REPUBLICA_BOLIVARIANA_DE_VENEZUELA.pdf\" target=\"_blank\">Constituci\u00f3n de la Rep\u00fablica Bolivariana de Venezuela<\/a><\/li>\n<li><a href=\"\/mpppstweb\/wp-content\/uploads\/2014\/03\/plan_de_la_patria.pdf\" target=\"_blank\">Ley del Plan de la Patria<\/a><\/li>\n<li><a href=\"\/mpppstweb\/wp-content\/uploads\/2014\/03\/LEY_ORGANICA_DEL_TRABAJO_LOS_TRABAJADORES_Y_LAS_TRABAJADORAS.pdf\" target=\"_blank\">Ley Org\u00e1nica del Trabajo, los Trabajadores y las Trabajadoras<\/a><\/li>\n<li><a href=\"\/mpppstweb\/wp-content\/uploads\/2014\/03\/LEY_ORGANICA_PROCESAL_DEL_TRABAJO.pdf\" target=\"_blank\">Ley Org\u00e1nica Procesal del Trabajo<\/a><\/li>\n<li><a href=\"\/mpppstweb\/wp-content\/uploads\/2014\/03\/LEY_ORGANICA_DE_LOS_PROCEDIMIENTOS_ADMINISTRATIVOS.pdf\" target=\"_blank\">Ley Org\u00e1nica de Procedimientos Administrativos<\/a><\/li>\n<li><a href=\"\/mpppstweb\/wp-content\/uploads\/2014\/03\/LEY_ORGANICA_PARA_LA_PROTECCION_DE_NINOS_NINAS_Y_ADOLESCENTES.pdf\" target=\"_blank\">Ley Org\u00e1nica para la Protecci\u00f3n de Ni\u00f1os, Ni\u00f1as y Adolescentes<\/a><\/li>\n<li><a href=\"\/mpppstweb\/wp-content\/uploads\/2014\/03\/LEY_ORGANICA_DEL_PODER_POPULAR.pdf\" target=\"_blank\">Ley Org\u00e1nica del Poder Popular<\/a><\/li>\n<li><a href=\"\/mpppstweb\/wp-content\/uploads\/2014\/03\/LEY_PARA_LAS_PERSONAS_CON_DISCAPACIDAD.pdf\" target=\"_blank\">Ley para las Personas con Discapacidad<\/a><\/li>\n<li><a href=\"\/mpppstweb\/wp-content\/uploads\/2014\/03\/LEY_DE_SERVICIOS_SOCIALES.pdf\" target=\"_blank\">Ley de Servicios Sociales<\/a><\/li>\n<li><a href=\"\/mpppstweb\/wp-content\/uploads\/2016\/07\/LEY-DEL-CESTATICKET-SOCIALISTA-PARA-LOS-TRABAJADORES-Y-TRABAJADORAS.pdf\" target=\"_blank\">Ley del Cestaticket Socialista para los Trabajadores y Trabajadoras<\/a><\/li>\n<li><a href=\"\/mpppstweb\/wp-content\/uploads\/2014\/03\/LEY_DEL_ESTATUTO_DE_LA_FUNCION_PUBLICA.pdf\" target=\"_blank\">Ley del Estatuto de la Funci\u00f3n P\u00fablica<\/a><\/li>\n<li><a href=\"\/mpppstweb\/wp-content\/uploads\/2014\/03\/LEY_DEL_REGIMEN_PRESTACIONAL_DE_EMPLEO.pdf\" target=\"_blank\">Ley del R\u00e9gimen Prestacional de Empleo<\/a><\/li>\n<li><a href=\"\/mpppstweb\/wp-content\/uploads\/2014\/03\/LEY_ESPECIAL_PARA_LA_DIGNIFICACION_DE_TRABAJADORES_Y_TRABAJADORAS_RESIDENCIALES.pdf\" target=\"_blank\">Ley Especial para la Dignificaci\u00f3n de Trabajadoras y Trabajadores Residenciales<\/a><\/li>\n<li><a href=\"\/mpppstweb\/wp-content\/uploads\/2014\/03\/LEY_DE_REFORMA_DE_LA_LEY_SOBRE_CONDECORACION_ORDEN_AL_MERITO_EN_EL_TRABAJO1.pdf\" target=\"_blank\">Ley de Reforma de la Ley Sobre Condecoraci\u00f3n \u201cOrden al M\u00e9rito en el Trabajo\u201d<\/a><\/li>\n<li><a href=\"\/mpppstweb\/wp-content\/uploads\/2014\/03\/LEY_ESPECIAL_DE_REFUGIOS_DIGNOS.pdf\" target=\"_blank\">Ley Especial de Refugios Dignos<\/a><\/li>\n<li><a href=\"\/mpppstweb\/wp-content\/uploads\/2014\/03\/LEY_PARA_PROTECCION_DE_LAS_FAMILIAS_LA_MATERNIDAD_Y_LA_PATERNIDAD.pdf\" target=\"_blank\">Ley para la Protecci\u00f3n de las Familias, la Maternidad y la Paternidad<\/a><\/li>\n<li><a href=\"\/mpppstweb\/wp-content\/uploads\/2014\/03\/LEY_ESPECIAL_DE_ASOCIACIONES_COOPERATIVAS.pdf\" target=\"_blank\">Ley Especial de Asociaciones Cooperativas<\/a><\/li>\n<li><a href=\"\/mpppstweb\/wp-content\/uploads\/2015\/02\/LEY_DE_INFOGOBIERNO.pdf\" target=\"_blank\">Ley de Infogobierno<\/a><\/li>\n<li><a href=\"\/mpppstweb\/wp-content\/uploads\/2015\/02\/LEY_DE_SIMPLIFICACION_DE_TRAMITES_ADMINISTRATIVOS.pdf\" target=\"_blank\">Ley de Simplificaci\u00f3n de Tramites Administrativos<\/a><\/li>\n<li><a href=\"\/mpppstweb\/wp-content\/uploads\/2016\/07\/Ley-Org\u00e1nica-de-Administraci\u00f3n-P\u00fablica.pdf\" target=\"_blank\">Decreto con Rango, Valor y Fuerza de Ley Org\u00e1nica de la Administraci\u00f3n P\u00fablica<\/a><\/li>\n<li><a href=\"\/mpppstweb\/wp-content\/uploads\/2014\/03\/LEY_ORGANICA_DE_PREVENCION_CONDICIONES_Y_MEDIO_AMBIENTE_DE_TRABAJO.pdf\" target=\"_blank\">Ley Org\u00e1nica de Prevenci\u00f3n, Condiciones y Medio Ambiente de Trabajo<\/a><\/li>\n<li><a href=\"\/mpppstweb\/wp-content\/uploads\/2014\/03\/LEY_ORGANICA_DEL_SISTEMA_DE_SEGURIDAD_SOCIAL.pdf\" target=\"_blank\">Ley Org\u00e1nica del Sistema de Seguridad Social<\/a><\/li>\n<li><a href=\"\/mpppstweb\/wp-content\/uploads\/2015\/02\/LEY_DEL_INSTITUTO_NACIONAL_DE_CAPACITACION_Y_EDUCACION_SOCIALISTA.pdf\" target=\"_blank\">Ley del Inces<\/a><\/li>\n<li><a href=\"\/mpppstweb\/wp-content\/uploads\/2014\/03\/LEY_DEL_SEGURO_SOCIAL.pdf\" target=\"_blank\">Ley del Seguro Social<\/a><\/li>\n<\/ul>\n","protected":false},"excerpt":{"rendered":"<p>Constituci\u00f3n de la Rep\u00fablica Bolivariana de Venezuela Ley del Plan de la Patria Ley Org\u00e1nica del &hellip; <a title=\"Leyes\" class=\"hm-read-more\" href=\"https:\/\/www.mpppst.gob.ve\/mpppstweb\/index.php\/leyes\/\"><span class=\"screen-reader-text\">Leyes<\/span>Read more<\/a><\/p>\n","protected":false},"author":25,"featured_media":0,"parent":0,"menu_order":0,"comment_status":"closed","ping_status":"closed","template":"","meta":{"footnotes":""},"yoast_head":"<!-- This site is optimized with the Yoast SEO plugin v22.5 - https:\/\/yoast.com\/wordpress\/plugins\/seo\/ -->\n<title>Leyes - MPPPST<\/title>\n<meta name=\"robots\" content=\"index, follow, max-snippet:-1, max-image-preview:large, max-video-preview:-1\" \/>\n<link rel=\"canonical\" href=\"https:\/\/www.mpppst.gob.ve\/mpppstweb\/index.php\/leyes\/\" \/>\n<meta property=\"og:locale\" content=\"es_ES\" \/>\n<meta property=\"og:type\" content=\"article\" \/>\n<meta property=\"og:title\" content=\"Leyes - MPPPST\" \/>\n<meta property=\"og:description\" content=\"Constituci\u00f3n de la Rep\u00fablica Bolivariana de Venezuela Ley del Plan de la Patria Ley Org\u00e1nica del &hellip; LeyesRead more\" \/>\n<meta property=\"og:url\" content=\"https:\/\/www.mpppst.gob.ve\/mpppstweb\/index.php\/leyes\/\" \/>\n<meta property=\"og:site_name\" content=\"MPPPST\" \/>\n<meta property=\"article:modified_time\" content=\"2016-07-20T12:23:45+00:00\" \/>\n<meta name=\"twitter:card\" content=\"summary_large_image\" \/>\n<meta name=\"twitter:label1\" content=\"Tiempo de lectura\" \/>\n\t<meta name=\"twitter:data1\" content=\"1 minuto\" \/>\n<script type=\"application\/ld+json\" class=\"yoast-schema-graph\">{\"@context\":\"https:\/\/schema.org\",\"@graph\":[{\"@type\":\"WebPage\",\"@id\":\"https:\/\/www.mpppst.gob.ve\/mpppstweb\/index.php\/leyes\/\",\"url\":\"https:\/\/www.mpppst.gob.ve\/mpppstweb\/index.php\/leyes\/\",\"name\":\"Leyes - MPPPST\",\"isPartOf\":{\"@id\":\"https:\/\/www.mpppst.gob.ve\/mpppstweb\/#website\"},\"datePublished\":\"2014-03-21T18:19:22+00:00\",\"dateModified\":\"2016-07-20T12:23:45+00:00\",\"breadcrumb\":{\"@id\":\"https:\/\/www.mpppst.gob.ve\/mpppstweb\/index.php\/leyes\/#breadcrumb\"},\"inLanguage\":\"es\",\"potentialAction\":[{\"@type\":\"ReadAction\",\"target\":[\"https:\/\/www.mpppst.gob.ve\/mpppstweb\/index.php\/leyes\/\"]}]},{\"@type\":\"BreadcrumbList\",\"@id\":\"https:\/\/www.mpppst.gob.ve\/mpppstweb\/index.php\/leyes\/#breadcrumb\",\"itemListElement\":[{\"@type\":\"ListItem\",\"position\":1,\"name\":\"Home\",\"item\":\"https:\/\/www.mpppst.gob.ve\/mpppstweb\/\"},{\"@type\":\"ListItem\",\"position\":2,\"name\":\"Leyes\"}]},{\"@type\":\"WebSite\",\"@id\":\"https:\/\/www.mpppst.gob.ve\/mpppstweb\/#website\",\"url\":\"https:\/\/www.mpppst.gob.ve\/mpppstweb\/\",\"name\":\"MPPPST\",\"description\":\"Ministerio del Poder Popular para el Proceso Social de Trabajo\",\"publisher\":{\"@id\":\"https:\/\/www.mpppst.gob.ve\/mpppstweb\/#organization\"},\"potentialAction\":[{\"@type\":\"SearchAction\",\"target\":{\"@type\":\"EntryPoint\",\"urlTemplate\":\"https:\/\/www.mpppst.gob.ve\/mpppstweb\/?s={search_term_string}\"},\"query-input\":\"required name=search_term_string\"}],\"inLanguage\":\"es\"},{\"@type\":\"Organization\",\"@id\":\"https:\/\/www.mpppst.gob.ve\/mpppstweb\/#organization\",\"name\":\"mpppst\",\"url\":\"https:\/\/www.mpppst.gob.ve\/mpppstweb\/\",\"logo\":{\"@type\":\"ImageObject\",\"inLanguage\":\"es\",\"@id\":\"https:\/\/www.mpppst.gob.ve\/mpppstweb\/#\/schema\/logo\/image\/\",\"url\":\"https:\/\/www.mpppst.gob.ve\/mpppstweb\/wp-content\/uploads\/2025\/07\/cropped-cropped-g910.png\",\"contentUrl\":\"https:\/\/www.mpppst.gob.ve\/mpppstweb\/wp-content\/uploads\/2025\/07\/cropped-cropped-g910.png\",\"width\":1080,\"height\":241,\"caption\":\"mpppst\"},\"image\":{\"@id\":\"https:\/\/www.mpppst.gob.ve\/mpppstweb\/#\/schema\/logo\/image\/\"}}]}<\/script>\n<!-- \/ Yoast SEO plugin. -->","yoast_head_json":{"title":"Leyes - MPPPST","robots":{"index":"index","follow":"follow","max-snippet":"max-snippet:-1","max-image-preview":"max-image-preview:large","max-video-preview":"max-video-preview:-1"},"canonical":"https:\/\/www.mpppst.gob.ve\/mpppstweb\/index.php\/leyes\/","og_locale":"es_ES","og_type":"article","og_title":"Leyes - MPPPST","og_description":"Constituci\u00f3n de la Rep\u00fablica Bolivariana de Venezuela Ley del Plan de la Patria Ley Org\u00e1nica del &hellip; LeyesRead more","og_url":"https:\/\/www.mpppst.gob.ve\/mpppstweb\/index.php\/leyes\/","og_site_name":"MPPPST","article_modified_time":"2016-07-20T12:23:45+00:00","twitter_card":"summary_large_image","twitter_misc":{"Tiempo de lectura":"1 minuto"},"schema":{"@context":"https:\/\/schema.org","@graph":[{"@type":"WebPage","@id":"https:\/\/www.mpppst.gob.ve\/mpppstweb\/index.php\/leyes\/","url":"https:\/\/www.mpppst.gob.ve\/mpppstweb\/index.php\/leyes\/","name":"Leyes - MPPPST","isPartOf":{"@id":"https:\/\/www.mpppst.gob.ve\/mpppstweb\/#website"},"datePublished":"2014-03-21T18:19:22+00:00","dateModified":"2016-07-20T12:23:45+00:00","breadcrumb":{"@id":"https:\/\/www.mpppst.gob.ve\/mpppstweb\/index.php\/leyes\/#breadcrumb"},"inLanguage":"es","potentialAction":[{"@type":"ReadAction","target":["https:\/\/www.mpppst.gob.ve\/mpppstweb\/index.php\/leyes\/"]}]},{"@type":"BreadcrumbList","@id":"https:\/\/www.mpppst.gob.ve\/mpppstweb\/index.php\/leyes\/#breadcrumb","itemListElement":[{"@type":"ListItem","position":1,"name":"Home","item":"https:\/\/www.mpppst.gob.ve\/mpppstweb\/"},{"@type":"ListItem","position":2,"name":"Leyes"}]},{"@type":"WebSite","@id":"https:\/\/www.mpppst.gob.ve\/mpppstweb\/#website","url":"https:\/\/www.mpppst.gob.ve\/mpppstweb\/","name":"MPPPST","description":"Ministerio del Poder Popular para el Proceso Social de Trabajo","publisher":{"@id":"https:\/\/www.mpppst.gob.ve\/mpppstweb\/#organization"},"potentialAction":[{"@type":"SearchAction","target":{"@type":"EntryPoint","urlTemplate":"https:\/\/www.mpppst.gob.ve\/mpppstweb\/?s={search_term_string}"},"query-input":"required name=search_term_string"}],"inLanguage":"es"},{"@type":"Organization","@id":"https:\/\/www.mpppst.gob.ve\/mpppstweb\/#organization","name":"mpppst","url":"https:\/\/www.mpppst.gob.ve\/mpppstweb\/","logo":{"@type":"ImageObject","inLanguage":"es","@id":"https:\/\/www.mpppst.gob.ve\/mpppstweb\/#\/schema\/logo\/image\/","url":"https:\/\/www.mpppst.gob.ve\/mpppstweb\/wp-content\/uploads\/2025\/07\/cropped-cropped-g910.png","contentUrl":"https:\/\/www.mpppst.gob.ve\/mpppstweb\/wp-content\/uploads\/2025\/07\/cropped-cropped-g910.png","width":1080,"height":241,"caption":"mpppst"},"image":{"@id":"https:\/\/www.mpppst.gob.ve\/mpppstweb\/#\/schema\/logo\/image\/"}}]}},"_links":{"self":[{"href":"https:\/\/www.mpppst.gob.ve\/mpppstweb\/index.php\/wp-json\/wp\/v2\/pages\/235"}],"collection":[{"href":"https:\/\/www.mpppst.gob.ve\/mpppstweb\/index.php\/wp-json\/wp\/v2\/pages"}],"about":[{"href":"https:\/\/www.mpppst.gob.ve\/mpppstweb\/index.php\/wp-json\/wp\/v2\/types\/page"}],"author":[{"embeddable":true,"href":"https:\/\/www.mpppst.gob.ve\/mpppstweb\/index.php\/wp-json\/wp\/v2\/users\/25"}],"replies":[{"embeddable":true,"href":"https:\/\/www.mpppst.gob.ve\/mpppstweb\/index.php\/wp-json\/wp\/v2\/comments?post=235"}],"version-history":[{"count":12,"href":"https:\/\/www.mpppst.gob.ve\/mpppstweb\/index.php\/wp-json\/wp\/v2\/pages\/235\/revisions"}],"predecessor-version":[{"id":21109,"href":"https:\/\/www.mpppst.gob.ve\/mpppstweb\/index.php\/wp-json\/wp\/v2\/pages\/235\/revisions\/21109"}],"wp:attachment":[{"href":"https:\/\/www.mpppst.gob.ve\/mpppstweb\/index.php\/wp-json\/wp\/v2\/media?parent=235"}],"curies":[{"name":"wp","href":"https:\/\/api.w.org\/{rel}","templated":true}]}}