{"id":26881,"date":"2024-11-13T18:15:17","date_gmt":"2024-11-13T22:15:17","guid":{"rendered":"https:\/\/www.mpppst.gob.ve\/mpppstweb\/?page_id=26881"},"modified":"2024-11-13T18:15:19","modified_gmt":"2024-11-13T22:15:19","slug":"escuela-de-medios-y-comunicacion-del-inces-con-quince-nuevas-sedes-celebramos-el-segundo-ano-de-formacion","status":"publish","type":"page","link":"https:\/\/www.mpppst.gob.ve\/mpppstweb\/index.php\/escuela-de-medios-y-comunicacion-del-inces-con-quince-nuevas-sedes-celebramos-el-segundo-ano-de-formacion\/","title":{"rendered":"Escuela de Medios y Comunicaci\u00f3n del Inces: Con quince nuevas sedes Celebramos el segundo a\u00f1o de formaci\u00f3n."},"content":{"rendered":"\n<p>(Caracas, 11-11-24. Prensa MPPPST) La comunidad audiovisual se visti\u00f3 de gala, ello debido al segundo aniversario de la Escuela de Medios y Comunicaci\u00f3n del INCES (EMCI). Esta iniciativa nace en el a\u00f1o 2022, con la intenci\u00f3n de formar a j\u00f3venes y adultos interesados en el \u00e1rea comunicacional y brindarles herramientas que les permitan desarrollarse con \u00e9xito.<\/p>\n\n\n\n<p>Este segundo aniversario el Inces lo celebra con la expansi\u00f3n de su escuela de medios en Anzo\u00e1tegui, Aragua, Bol\u00edvar, Gu\u00e1rico, La Guaira, Carabobo, Delta Amacuro, Miranda, Monagas, Yaracuy, Zulia, Portuguesa, Falc\u00f3n, Trujillo y M\u00e9rida; quince nuevas sedes regionales que, gracias al esfuerzo de las gerencias y trabajadores de la instituci\u00f3n, ya cuenta con espacios exclusivos para la formaci\u00f3n y una plantilla de formadores especializados en diversas \u00e1reas de la comunicaci\u00f3n.<\/p>\n\n\n\n<div class=\"wp-block-columns is-layout-flex wp-container-3 wp-block-columns-is-layout-flex\">\n<div class=\"wp-block-column is-layout-flow wp-block-column-is-layout-flow\">\n<div class=\"alignnormal\"><div id=\"metaslider-id-26869\" style=\"width: 100%;\" class=\"ml-slider-3-100-1 metaslider metaslider-flex metaslider-26869 ml-slider ms-theme-default\" role=\"region\" aria-label=\"Segundo Aniversario INCES\" data-height=\"300\" data-width=\"700\">\n    <div id=\"metaslider_container_26869\">\n        <div id=\"metaslider_26869\">\n            <ul class='slides'>\n                <li style=\"display: block; width: 100%;\" class=\"slide-26873 ms-image \" aria-roledescription=\"slide\" data-date=\"2024-11-11 21:08:41\"><img src=\"https:\/\/www.mpppst.gob.ve\/mpppstweb\/wp-content\/uploads\/2024\/11\/WhatsApp-Image-2024-11-09-at-2.37.13-PM-700x300.jpeg\" height=\"300\" width=\"700\" alt=\"Escuela de Medios y Comunicaci\u00f3n INCES\" class=\"slider-26869 slide-26873 msDefaultImage\" title=\"Escuela de Medios y Comunicaci\u00f3n INCES\" \/><div class=\"caption-wrap\"><div class=\"caption\"><div>Escuela de Medios y Comunicaci\u00f3n INCES<br \/><br \/><\/div><\/div><\/div><\/li>\n                <li style=\"display: none; width: 100%;\" class=\"slide-26874 ms-image \" aria-roledescription=\"slide\" data-date=\"2024-11-11 21:08:41\"><img src=\"https:\/\/www.mpppst.gob.ve\/mpppstweb\/wp-content\/uploads\/2024\/11\/WhatsApp-Image-2024-11-09-at-2.37.14-PM-2-1-700x300.jpeg\" height=\"300\" width=\"700\" alt=\"Escuela de Medios y Comunicaci\u00f3n INCES\" class=\"slider-26869 slide-26874 msDefaultImage\" title=\"Escuela de Medios y Comunicaci\u00f3n INCES\" \/><div class=\"caption-wrap\"><div class=\"caption\"><div>Escuela de Medios y Comunicaci\u00f3n INCES<\/div><\/div><\/div><\/li>\n                <li style=\"display: none; width: 100%;\" class=\"slide-26875 ms-image \" aria-roledescription=\"slide\" data-date=\"2024-11-11 21:08:41\"><img src=\"https:\/\/www.mpppst.gob.ve\/mpppstweb\/wp-content\/uploads\/2024\/11\/WhatsApp-Image-2024-11-09-at-2.37.14-PM-700x300.jpeg\" height=\"300\" width=\"700\" alt=\"Escuela de Medios y Comunicaci\u00f3n INCES\" class=\"slider-26869 slide-26875 msDefaultImage\" title=\"Escuela de Medios y Comunicaci\u00f3n INCES\" \/><div class=\"caption-wrap\"><div class=\"caption\"><div>Escuela de Medios y Comunicaci\u00f3n INCES<\/div><\/div><\/div><\/li>\n            <\/ul>\n        <\/div>\n        \n    <\/div>\n<\/div><\/div>\n<\/div>\n\n\n\n<div class=\"wp-block-column is-layout-flow wp-block-column-is-layout-flow\">\n<p>Un factor clave para el desarrollo de esta escuela fue orientado por el presidente del Inces, Wuikelman Angel Paredes, el cual consiste en que los facilitadores se encuentren ejerciendo las disciplinas que ense\u00f1an, brindando as\u00ed en un aporte fresco respecto al campo laboral actual.<\/p>\n\n\n\n<p><\/p>\n\n\n\n<p><\/p>\n<\/div>\n<\/div>\n\n\n\n<p>De acuerdo a Ricardo Mart\u00ednez, Facilitador de Direcci\u00f3n Audiovisual, M\u00fasico, Realizador y Especialista en Stop Motion y Animaci\u00f3n, \u00abeste proyecto re\u00fane a estudiantes que tienen un inter\u00e9s verdadero por las artes audiovisuales\u00bb. Adem\u00e1s, quienes se incorporan a las aulas del EMCI lo hacen bajo la premisa de aprender haciendo, misma que est\u00e1 fundamentada en el pensamiento y metodolog\u00eda de Sim\u00f3n Rodr\u00edguez y Luis Beltr\u00e1n Prieto Figueroa.<\/p>\n\n\n\n<p>De esta forma, al reunir facilitadores que conocen las necesidades del campo laboral actual, con estudiantes que m\u00e1s all\u00e1 de ser formados en la teor\u00eda se capacitan con un enfoque pr\u00e1ctico, se obtiene una plantilla de egresados que en opini\u00f3n de Mart\u00ednez, cuentan con las herramientas necesarias para su incorporaci\u00f3n directa al mundo profesional.<\/p>\n\n\n\n<p>No hay que dejar de lado, el hecho de que desde las aulas del EMCI se contribuye al fortalecimiento del imaginario comunicacional venezolano, altamente importante en la lucha comunicacional por la que atraviesan los pa\u00edses con modelos econ\u00f3micos alternativos al Capitalismo, como el Socialismo del Siglo XXI sobre el que se cimienta la Revoluci\u00f3n Bolivariana, legado del Comandante Eterno Hugo Ch\u00e1vez Fr\u00edas, al cual da continuidad nuestro Presidente Obrero Nicol\u00e1s Maduro.<\/p>\n\n\n\n<p>Tambi\u00e9n es importante destacar, la dedicada labor del equipo que conforma la EMCI, encabezada por Wuikelman Angel Paredes y sostenida por Jessica Lugo, Luis Gonz\u00e1lez, Eubolo Mora, Rubmar Tovar, Winder Rivero, Darwin Ramos, Luz Cornejo, Ad\u00e1n Garc\u00eda, Ver\u00f3nica D\u00edaz, Aguasanta Moreno, Oscar V\u00e1squez, Kelvin Malav\u00e9, Marcial Aguirre, Manuel P\u00e9rez y Longina Tovar.<\/p>\n\n\n\n<p>Este tren de experimentados profesionales, d\u00eda a d\u00eda siembran conocimientos en el estudiantado, los cuales se convierten en frutos tangibles que se expresan en el desarrollo de diversas piezas audiovisuales, presentadas como trabajo final, escritas, producidas, rodadas y editadas por ellos mismos.<\/p>\n\n\n\n<p>\u00c9stas, son elaboradas principalmente en el Taller Largo de Cinematograf\u00eda, el cual invita a un grupo de egresados destacados, a recibir seis formaciones vinculadas con el cine y que pueden ser apreciadas en las redes sociales del EMCI. Entre estas producciones, podemos destacar los cortometrajes generados por la experiencia piloto en el 2023, \u00abElena\u00bb y \u00abHotel Limbo\u00bb, que han representado a la Escuela en diversos espacios dedicados a la proyecci\u00f3n de nuevos proyectos.<\/p>\n\n\n\n<p>A las personas interesadas en estas formaciones en Caracas y ahora en todo el pa\u00eds, se recomienda conectarse con a las cuentas en redes sociales @escuelademediosinces y @incesocialista por medio de las cuales se publica la oferta formativa.<\/p>\n","protected":false},"excerpt":{"rendered":"<p>(Caracas, 11-11-24. Prensa MPPPST) La comunidad audiovisual se visti\u00f3 de gala, ello debido al segundo aniversario &hellip; <a title=\"Escuela de Medios y Comunicaci\u00f3n del Inces: Con quince nuevas sedes Celebramos el segundo a\u00f1o de formaci\u00f3n.\" class=\"hm-read-more\" href=\"https:\/\/www.mpppst.gob.ve\/mpppstweb\/index.php\/escuela-de-medios-y-comunicacion-del-inces-con-quince-nuevas-sedes-celebramos-el-segundo-ano-de-formacion\/\"><span class=\"screen-reader-text\">Escuela de Medios y Comunicaci\u00f3n del Inces: Con quince nuevas sedes Celebramos el segundo a\u00f1o de formaci\u00f3n.<\/span>Read more<\/a><\/p>\n","protected":false},"author":25,"featured_media":0,"parent":0,"menu_order":0,"comment_status":"closed","ping_status":"closed","template":"","meta":{"footnotes":""},"yoast_head":"<!-- This site is optimized with the Yoast SEO plugin v22.5 - https:\/\/yoast.com\/wordpress\/plugins\/seo\/ -->\n<title>Escuela de Medios y Comunicaci\u00f3n del Inces: Con quince nuevas sedes Celebramos el segundo a\u00f1o de formaci\u00f3n. - MPPPST<\/title>\n<meta name=\"robots\" content=\"index, follow, max-snippet:-1, max-image-preview:large, max-video-preview:-1\" \/>\n<link rel=\"canonical\" href=\"https:\/\/www.mpppst.gob.ve\/mpppstweb\/index.php\/escuela-de-medios-y-comunicacion-del-inces-con-quince-nuevas-sedes-celebramos-el-segundo-ano-de-formacion\/\" \/>\n<meta property=\"og:locale\" content=\"es_ES\" \/>\n<meta property=\"og:type\" content=\"article\" \/>\n<meta property=\"og:title\" content=\"Escuela de Medios y Comunicaci\u00f3n del Inces: Con quince nuevas sedes Celebramos el segundo a\u00f1o de formaci\u00f3n. - MPPPST\" \/>\n<meta property=\"og:description\" content=\"(Caracas, 11-11-24. Prensa MPPPST) La comunidad audiovisual se visti\u00f3 de gala, ello debido al segundo aniversario &hellip; Escuela de Medios y Comunicaci\u00f3n del Inces: Con quince nuevas sedes Celebramos el segundo a\u00f1o de formaci\u00f3n.Read more\" \/>\n<meta property=\"og:url\" content=\"https:\/\/www.mpppst.gob.ve\/mpppstweb\/index.php\/escuela-de-medios-y-comunicacion-del-inces-con-quince-nuevas-sedes-celebramos-el-segundo-ano-de-formacion\/\" \/>\n<meta property=\"og:site_name\" content=\"MPPPST\" \/>\n<meta property=\"article:modified_time\" content=\"2024-11-13T22:15:19+00:00\" \/>\n<meta name=\"twitter:card\" content=\"summary_large_image\" \/>\n<meta name=\"twitter:label1\" content=\"Tiempo de lectura\" \/>\n\t<meta name=\"twitter:data1\" content=\"3 minutos\" \/>\n<script type=\"application\/ld+json\" class=\"yoast-schema-graph\">{\"@context\":\"https:\/\/schema.org\",\"@graph\":[{\"@type\":\"WebPage\",\"@id\":\"https:\/\/www.mpppst.gob.ve\/mpppstweb\/index.php\/escuela-de-medios-y-comunicacion-del-inces-con-quince-nuevas-sedes-celebramos-el-segundo-ano-de-formacion\/\",\"url\":\"https:\/\/www.mpppst.gob.ve\/mpppstweb\/index.php\/escuela-de-medios-y-comunicacion-del-inces-con-quince-nuevas-sedes-celebramos-el-segundo-ano-de-formacion\/\",\"name\":\"Escuela de Medios y Comunicaci\u00f3n del Inces: Con quince nuevas sedes Celebramos el segundo a\u00f1o de formaci\u00f3n. - MPPPST\",\"isPartOf\":{\"@id\":\"https:\/\/www.mpppst.gob.ve\/mpppstweb\/#website\"},\"datePublished\":\"2024-11-13T22:15:17+00:00\",\"dateModified\":\"2024-11-13T22:15:19+00:00\",\"breadcrumb\":{\"@id\":\"https:\/\/www.mpppst.gob.ve\/mpppstweb\/index.php\/escuela-de-medios-y-comunicacion-del-inces-con-quince-nuevas-sedes-celebramos-el-segundo-ano-de-formacion\/#breadcrumb\"},\"inLanguage\":\"es\",\"potentialAction\":[{\"@type\":\"ReadAction\",\"target\":[\"https:\/\/www.mpppst.gob.ve\/mpppstweb\/index.php\/escuela-de-medios-y-comunicacion-del-inces-con-quince-nuevas-sedes-celebramos-el-segundo-ano-de-formacion\/\"]}]},{\"@type\":\"BreadcrumbList\",\"@id\":\"https:\/\/www.mpppst.gob.ve\/mpppstweb\/index.php\/escuela-de-medios-y-comunicacion-del-inces-con-quince-nuevas-sedes-celebramos-el-segundo-ano-de-formacion\/#breadcrumb\",\"itemListElement\":[{\"@type\":\"ListItem\",\"position\":1,\"name\":\"Home\",\"item\":\"https:\/\/www.mpppst.gob.ve\/mpppstweb\/\"},{\"@type\":\"ListItem\",\"position\":2,\"name\":\"Escuela de Medios y Comunicaci\u00f3n del Inces: Con quince nuevas sedes Celebramos el segundo a\u00f1o de formaci\u00f3n.\"}]},{\"@type\":\"WebSite\",\"@id\":\"https:\/\/www.mpppst.gob.ve\/mpppstweb\/#website\",\"url\":\"https:\/\/www.mpppst.gob.ve\/mpppstweb\/\",\"name\":\"MPPPST\",\"description\":\"Ministerio del Poder Popular para el Proceso Social de Trabajo\",\"publisher\":{\"@id\":\"https:\/\/www.mpppst.gob.ve\/mpppstweb\/#organization\"},\"potentialAction\":[{\"@type\":\"SearchAction\",\"target\":{\"@type\":\"EntryPoint\",\"urlTemplate\":\"https:\/\/www.mpppst.gob.ve\/mpppstweb\/?s={search_term_string}\"},\"query-input\":\"required name=search_term_string\"}],\"inLanguage\":\"es\"},{\"@type\":\"Organization\",\"@id\":\"https:\/\/www.mpppst.gob.ve\/mpppstweb\/#organization\",\"name\":\"mpppst\",\"url\":\"https:\/\/www.mpppst.gob.ve\/mpppstweb\/\",\"logo\":{\"@type\":\"ImageObject\",\"inLanguage\":\"es\",\"@id\":\"https:\/\/www.mpppst.gob.ve\/mpppstweb\/#\/schema\/logo\/image\/\",\"url\":\"https:\/\/www.mpppst.gob.ve\/mpppstweb\/wp-content\/uploads\/2025\/07\/cropped-cropped-g910.png\",\"contentUrl\":\"https:\/\/www.mpppst.gob.ve\/mpppstweb\/wp-content\/uploads\/2025\/07\/cropped-cropped-g910.png\",\"width\":1080,\"height\":241,\"caption\":\"mpppst\"},\"image\":{\"@id\":\"https:\/\/www.mpppst.gob.ve\/mpppstweb\/#\/schema\/logo\/image\/\"}}]}<\/script>\n<!-- \/ Yoast SEO plugin. -->","yoast_head_json":{"title":"Escuela de Medios y Comunicaci\u00f3n del Inces: Con quince nuevas sedes Celebramos el segundo a\u00f1o de formaci\u00f3n. - MPPPST","robots":{"index":"index","follow":"follow","max-snippet":"max-snippet:-1","max-image-preview":"max-image-preview:large","max-video-preview":"max-video-preview:-1"},"canonical":"https:\/\/www.mpppst.gob.ve\/mpppstweb\/index.php\/escuela-de-medios-y-comunicacion-del-inces-con-quince-nuevas-sedes-celebramos-el-segundo-ano-de-formacion\/","og_locale":"es_ES","og_type":"article","og_title":"Escuela de Medios y Comunicaci\u00f3n del Inces: Con quince nuevas sedes Celebramos el segundo a\u00f1o de formaci\u00f3n. - MPPPST","og_description":"(Caracas, 11-11-24. Prensa MPPPST) La comunidad audiovisual se visti\u00f3 de gala, ello debido al segundo aniversario &hellip; Escuela de Medios y Comunicaci\u00f3n del Inces: Con quince nuevas sedes Celebramos el segundo a\u00f1o de formaci\u00f3n.Read more","og_url":"https:\/\/www.mpppst.gob.ve\/mpppstweb\/index.php\/escuela-de-medios-y-comunicacion-del-inces-con-quince-nuevas-sedes-celebramos-el-segundo-ano-de-formacion\/","og_site_name":"MPPPST","article_modified_time":"2024-11-13T22:15:19+00:00","twitter_card":"summary_large_image","twitter_misc":{"Tiempo de lectura":"3 minutos"},"schema":{"@context":"https:\/\/schema.org","@graph":[{"@type":"WebPage","@id":"https:\/\/www.mpppst.gob.ve\/mpppstweb\/index.php\/escuela-de-medios-y-comunicacion-del-inces-con-quince-nuevas-sedes-celebramos-el-segundo-ano-de-formacion\/","url":"https:\/\/www.mpppst.gob.ve\/mpppstweb\/index.php\/escuela-de-medios-y-comunicacion-del-inces-con-quince-nuevas-sedes-celebramos-el-segundo-ano-de-formacion\/","name":"Escuela de Medios y Comunicaci\u00f3n del Inces: Con quince nuevas sedes Celebramos el segundo a\u00f1o de formaci\u00f3n. - MPPPST","isPartOf":{"@id":"https:\/\/www.mpppst.gob.ve\/mpppstweb\/#website"},"datePublished":"2024-11-13T22:15:17+00:00","dateModified":"2024-11-13T22:15:19+00:00","breadcrumb":{"@id":"https:\/\/www.mpppst.gob.ve\/mpppstweb\/index.php\/escuela-de-medios-y-comunicacion-del-inces-con-quince-nuevas-sedes-celebramos-el-segundo-ano-de-formacion\/#breadcrumb"},"inLanguage":"es","potentialAction":[{"@type":"ReadAction","target":["https:\/\/www.mpppst.gob.ve\/mpppstweb\/index.php\/escuela-de-medios-y-comunicacion-del-inces-con-quince-nuevas-sedes-celebramos-el-segundo-ano-de-formacion\/"]}]},{"@type":"BreadcrumbList","@id":"https:\/\/www.mpppst.gob.ve\/mpppstweb\/index.php\/escuela-de-medios-y-comunicacion-del-inces-con-quince-nuevas-sedes-celebramos-el-segundo-ano-de-formacion\/#breadcrumb","itemListElement":[{"@type":"ListItem","position":1,"name":"Home","item":"https:\/\/www.mpppst.gob.ve\/mpppstweb\/"},{"@type":"ListItem","position":2,"name":"Escuela de Medios y Comunicaci\u00f3n del Inces: Con quince nuevas sedes Celebramos el segundo a\u00f1o de formaci\u00f3n."}]},{"@type":"WebSite","@id":"https:\/\/www.mpppst.gob.ve\/mpppstweb\/#website","url":"https:\/\/www.mpppst.gob.ve\/mpppstweb\/","name":"MPPPST","description":"Ministerio del Poder Popular para el Proceso Social de Trabajo","publisher":{"@id":"https:\/\/www.mpppst.gob.ve\/mpppstweb\/#organization"},"potentialAction":[{"@type":"SearchAction","target":{"@type":"EntryPoint","urlTemplate":"https:\/\/www.mpppst.gob.ve\/mpppstweb\/?s={search_term_string}"},"query-input":"required name=search_term_string"}],"inLanguage":"es"},{"@type":"Organization","@id":"https:\/\/www.mpppst.gob.ve\/mpppstweb\/#organization","name":"mpppst","url":"https:\/\/www.mpppst.gob.ve\/mpppstweb\/","logo":{"@type":"ImageObject","inLanguage":"es","@id":"https:\/\/www.mpppst.gob.ve\/mpppstweb\/#\/schema\/logo\/image\/","url":"https:\/\/www.mpppst.gob.ve\/mpppstweb\/wp-content\/uploads\/2025\/07\/cropped-cropped-g910.png","contentUrl":"https:\/\/www.mpppst.gob.ve\/mpppstweb\/wp-content\/uploads\/2025\/07\/cropped-cropped-g910.png","width":1080,"height":241,"caption":"mpppst"},"image":{"@id":"https:\/\/www.mpppst.gob.ve\/mpppstweb\/#\/schema\/logo\/image\/"}}]}},"_links":{"self":[{"href":"https:\/\/www.mpppst.gob.ve\/mpppstweb\/index.php\/wp-json\/wp\/v2\/pages\/26881"}],"collection":[{"href":"https:\/\/www.mpppst.gob.ve\/mpppstweb\/index.php\/wp-json\/wp\/v2\/pages"}],"about":[{"href":"https:\/\/www.mpppst.gob.ve\/mpppstweb\/index.php\/wp-json\/wp\/v2\/types\/page"}],"author":[{"embeddable":true,"href":"https:\/\/www.mpppst.gob.ve\/mpppstweb\/index.php\/wp-json\/wp\/v2\/users\/25"}],"replies":[{"embeddable":true,"href":"https:\/\/www.mpppst.gob.ve\/mpppstweb\/index.php\/wp-json\/wp\/v2\/comments?post=26881"}],"version-history":[{"count":3,"href":"https:\/\/www.mpppst.gob.ve\/mpppstweb\/index.php\/wp-json\/wp\/v2\/pages\/26881\/revisions"}],"predecessor-version":[{"id":26884,"href":"https:\/\/www.mpppst.gob.ve\/mpppstweb\/index.php\/wp-json\/wp\/v2\/pages\/26881\/revisions\/26884"}],"wp:attachment":[{"href":"https:\/\/www.mpppst.gob.ve\/mpppstweb\/index.php\/wp-json\/wp\/v2\/media?parent=26881"}],"curies":[{"name":"wp","href":"https:\/\/api.w.org\/{rel}","templated":true}]}}