{"id":26923,"date":"2025-01-21T22:03:48","date_gmt":"2025-01-22T02:03:48","guid":{"rendered":"https:\/\/www.mpppst.gob.ve\/mpppstweb\/?page_id=26923"},"modified":"2025-01-21T22:03:50","modified_gmt":"2025-01-22T02:03:50","slug":"23-aniversario-del-instituto-nacional-de-tierras-un-compromiso-con-el-desarrollo-rural-y-la-reivindicacion-historica-de-los-campesinos-solo-en-revolucion","status":"publish","type":"page","link":"https:\/\/www.mpppst.gob.ve\/mpppstweb\/index.php\/23-aniversario-del-instituto-nacional-de-tierras-un-compromiso-con-el-desarrollo-rural-y-la-reivindicacion-historica-de-los-campesinos-solo-en-revolucion\/","title":{"rendered":"23 aniversario del Instituto Nacional de Tierras: Un compromiso con el desarrollo rural y la reivindicaci\u00f3n hist\u00f3rica de los campesinos, s\u00f3lo en Revoluci\u00f3n."},"content":{"rendered":"\n<div class=\"wp-block-group is-layout-constrained wp-block-group-is-layout-constrained\"><div class=\"wp-block-group__inner-container\">\n<figure class=\"wp-block-image size-large is-resized\"><a href=\"https:\/\/www.mpppst.gob.ve\/mpppstweb\/wp-content\/uploads\/2025\/01\/4936017416224353885-1.jpg\"><img decoding=\"async\" loading=\"lazy\" width=\"1024\" height=\"577\" src=\"https:\/\/www.mpppst.gob.ve\/mpppstweb\/wp-content\/uploads\/2025\/01\/4936017416224353885-1-1024x577.jpg\" alt=\"\" class=\"wp-image-26925\" style=\"aspect-ratio:1.7746967071057191;width:638px;height:auto\" srcset=\"https:\/\/www.mpppst.gob.ve\/mpppstweb\/wp-content\/uploads\/2025\/01\/4936017416224353885-1-1024x577.jpg 1024w, https:\/\/www.mpppst.gob.ve\/mpppstweb\/wp-content\/uploads\/2025\/01\/4936017416224353885-1-300x169.jpg 300w, https:\/\/www.mpppst.gob.ve\/mpppstweb\/wp-content\/uploads\/2025\/01\/4936017416224353885-1-768x433.jpg 768w, https:\/\/www.mpppst.gob.ve\/mpppstweb\/wp-content\/uploads\/2025\/01\/4936017416224353885-1.jpg 1280w\" sizes=\"(max-width: 1024px) 100vw, 1024px\" \/><\/a><\/figure>\n\n\n\n<p>(Caracas, 21-01-25. Prensa MPPPST).<\/p>\n\n\n\n<p>El Instituto Nacional de Tierras (INTI) celebra su 23 aniversario, consolid\u00e1ndose como una instituci\u00f3n clave en la promoci\u00f3n del desarrollo rural, el acceso equitativo a la tierra y la justicia social en el pa\u00eds. Desde su creaci\u00f3n en el a\u00f1o 2002, el INTI ha trabajado con el objetivo de garantizar que las tierras sean productivas, sostenibles y que se realice justicia social en favor del bienestar de las comunidades campesinas.<\/p>\n<\/div><\/div>\n\n\n\n<p>A lo largo de sus 23 a\u00f1os, el INTI ha desempe\u00f1ado un papel crucial en la transformaci\u00f3n de la realidad agraria del pa\u00eds. Fundado con el prop\u00f3sito de regularizar la tenencia de tierras y promover un uso eficiente de los recursos, el instituto ha liderado programas que han permitido a miles de agricultores acceder a terrenos cultivables, fortaleciendo la soberan\u00eda alimentaria y fomentando el desarrollo econ\u00f3mico local.<\/p>\n\n\n\n<p>La labor del INTI ha sido especialmente significativa en la entrega de t\u00edtulos de propiedad, los cuales ascienden a m\u00e1s de 14 millones de hect\u00e1reas de tierra distribuidas entre el Pueblo y no entre las familias de terratenientes, que tal como lo expres\u00f3 el Ministro del Poder Popular para el Proceso Social de Trabajo, Eduardo Pi\u00f1ate: \u201cha sido la batalla de toda la vida, el tema de la renta de la tierra (\u2026) que le ha costado al movimiento campesino, no digo de Venezuela, de todo el mundo, la lucha por la propiedad de la tierra, tierra para el que la trabaja\u201d. Este hito importante, ha sido posible solo en Revoluci\u00f3n, permitiendo as\u00ed a los campesinos tener seguridad jur\u00eddica sobre sus tierras.<\/p>\n\n\n\n<p>El instituto ha implementado diversas pol\u00edticas y programas para apoyar la agricultura familiar, impulsar la producci\u00f3n sostenible y mejorar las condiciones de vida en el campo. Entre sus principales logros destacan no s\u00f3lo la entrega de titularidad de terrenos para la clase campesina, sino el acceso a cr\u00e9ditos y programas de desarrollo agr\u00edcola, asistencia t\u00e9cnica y formaci\u00f3n, promoci\u00f3n de la justicia agraria e impulso de la producci\u00f3n nacional.<\/p>\n\n\n\n<p>En este sentido, la instituci\u00f3n reafirma su compromiso de seguir trabajando en estrecha colaboraci\u00f3n con los actores del sector agr\u00edcola, promoviendo pol\u00edticas inclusivas que impulsen el desarrollo integral del campo. Es as\u00ed, que con motivo de este 23 aniversario, el Instituto Nacional de Tierras celebra no solo su trayectoria, sino tambi\u00e9n el esfuerzo colectivo de agricultores, comunidades y equipos t\u00e9cnicos que han hecho posible su misi\u00f3n.<\/p>\n\n\n\n<p><\/p>\n","protected":false},"excerpt":{"rendered":"<p>(Caracas, 21-01-25. Prensa MPPPST). El Instituto Nacional de Tierras (INTI) celebra su 23 aniversario, consolid\u00e1ndose como &hellip; <a title=\"23 aniversario del Instituto Nacional de Tierras: Un compromiso con el desarrollo rural y la reivindicaci\u00f3n hist\u00f3rica de los campesinos, s\u00f3lo en Revoluci\u00f3n.\" class=\"hm-read-more\" href=\"https:\/\/www.mpppst.gob.ve\/mpppstweb\/index.php\/23-aniversario-del-instituto-nacional-de-tierras-un-compromiso-con-el-desarrollo-rural-y-la-reivindicacion-historica-de-los-campesinos-solo-en-revolucion\/\"><span class=\"screen-reader-text\">23 aniversario del Instituto Nacional de Tierras: Un compromiso con el desarrollo rural y la reivindicaci\u00f3n hist\u00f3rica de los campesinos, s\u00f3lo en Revoluci\u00f3n.<\/span>Read more<\/a><\/p>\n","protected":false},"author":25,"featured_media":0,"parent":0,"menu_order":0,"comment_status":"closed","ping_status":"closed","template":"","meta":{"footnotes":""},"yoast_head":"<!-- This site is optimized with the Yoast SEO plugin v22.5 - https:\/\/yoast.com\/wordpress\/plugins\/seo\/ -->\n<title>23 aniversario del Instituto Nacional de Tierras: Un compromiso con el desarrollo rural y la reivindicaci\u00f3n hist\u00f3rica de los campesinos, s\u00f3lo en Revoluci\u00f3n. - MPPPST<\/title>\n<meta name=\"robots\" content=\"index, follow, max-snippet:-1, max-image-preview:large, max-video-preview:-1\" \/>\n<link rel=\"canonical\" href=\"https:\/\/www.mpppst.gob.ve\/mpppstweb\/index.php\/23-aniversario-del-instituto-nacional-de-tierras-un-compromiso-con-el-desarrollo-rural-y-la-reivindicacion-historica-de-los-campesinos-solo-en-revolucion\/\" \/>\n<meta property=\"og:locale\" content=\"es_ES\" \/>\n<meta property=\"og:type\" content=\"article\" \/>\n<meta property=\"og:title\" content=\"23 aniversario del Instituto Nacional de Tierras: Un compromiso con el desarrollo rural y la reivindicaci\u00f3n hist\u00f3rica de los campesinos, s\u00f3lo en Revoluci\u00f3n. - MPPPST\" \/>\n<meta property=\"og:description\" content=\"(Caracas, 21-01-25. Prensa MPPPST). El Instituto Nacional de Tierras (INTI) celebra su 23 aniversario, consolid\u00e1ndose como &hellip; 23 aniversario del Instituto Nacional de Tierras: Un compromiso con el desarrollo rural y la reivindicaci\u00f3n hist\u00f3rica de los campesinos, s\u00f3lo en Revoluci\u00f3n.Read more\" \/>\n<meta property=\"og:url\" content=\"https:\/\/www.mpppst.gob.ve\/mpppstweb\/index.php\/23-aniversario-del-instituto-nacional-de-tierras-un-compromiso-con-el-desarrollo-rural-y-la-reivindicacion-historica-de-los-campesinos-solo-en-revolucion\/\" \/>\n<meta property=\"og:site_name\" content=\"MPPPST\" \/>\n<meta property=\"article:modified_time\" content=\"2025-01-22T02:03:50+00:00\" \/>\n<meta property=\"og:image\" content=\"https:\/\/www.mpppst.gob.ve\/mpppstweb\/wp-content\/uploads\/2025\/01\/4936017416224353885-1-1024x577.jpg\" \/>\n<meta name=\"twitter:card\" content=\"summary_large_image\" \/>\n<meta name=\"twitter:label1\" content=\"Tiempo de lectura\" \/>\n\t<meta name=\"twitter:data1\" content=\"3 minutos\" \/>\n<script type=\"application\/ld+json\" class=\"yoast-schema-graph\">{\"@context\":\"https:\/\/schema.org\",\"@graph\":[{\"@type\":\"WebPage\",\"@id\":\"https:\/\/www.mpppst.gob.ve\/mpppstweb\/index.php\/23-aniversario-del-instituto-nacional-de-tierras-un-compromiso-con-el-desarrollo-rural-y-la-reivindicacion-historica-de-los-campesinos-solo-en-revolucion\/\",\"url\":\"https:\/\/www.mpppst.gob.ve\/mpppstweb\/index.php\/23-aniversario-del-instituto-nacional-de-tierras-un-compromiso-con-el-desarrollo-rural-y-la-reivindicacion-historica-de-los-campesinos-solo-en-revolucion\/\",\"name\":\"23 aniversario del Instituto Nacional de Tierras: Un compromiso con el desarrollo rural y la reivindicaci\u00f3n hist\u00f3rica de los campesinos, s\u00f3lo en Revoluci\u00f3n. - MPPPST\",\"isPartOf\":{\"@id\":\"https:\/\/www.mpppst.gob.ve\/mpppstweb\/#website\"},\"primaryImageOfPage\":{\"@id\":\"https:\/\/www.mpppst.gob.ve\/mpppstweb\/index.php\/23-aniversario-del-instituto-nacional-de-tierras-un-compromiso-con-el-desarrollo-rural-y-la-reivindicacion-historica-de-los-campesinos-solo-en-revolucion\/#primaryimage\"},\"image\":{\"@id\":\"https:\/\/www.mpppst.gob.ve\/mpppstweb\/index.php\/23-aniversario-del-instituto-nacional-de-tierras-un-compromiso-con-el-desarrollo-rural-y-la-reivindicacion-historica-de-los-campesinos-solo-en-revolucion\/#primaryimage\"},\"thumbnailUrl\":\"https:\/\/www.mpppst.gob.ve\/mpppstweb\/wp-content\/uploads\/2025\/01\/4936017416224353885-1-1024x577.jpg\",\"datePublished\":\"2025-01-22T02:03:48+00:00\",\"dateModified\":\"2025-01-22T02:03:50+00:00\",\"breadcrumb\":{\"@id\":\"https:\/\/www.mpppst.gob.ve\/mpppstweb\/index.php\/23-aniversario-del-instituto-nacional-de-tierras-un-compromiso-con-el-desarrollo-rural-y-la-reivindicacion-historica-de-los-campesinos-solo-en-revolucion\/#breadcrumb\"},\"inLanguage\":\"es\",\"potentialAction\":[{\"@type\":\"ReadAction\",\"target\":[\"https:\/\/www.mpppst.gob.ve\/mpppstweb\/index.php\/23-aniversario-del-instituto-nacional-de-tierras-un-compromiso-con-el-desarrollo-rural-y-la-reivindicacion-historica-de-los-campesinos-solo-en-revolucion\/\"]}]},{\"@type\":\"ImageObject\",\"inLanguage\":\"es\",\"@id\":\"https:\/\/www.mpppst.gob.ve\/mpppstweb\/index.php\/23-aniversario-del-instituto-nacional-de-tierras-un-compromiso-con-el-desarrollo-rural-y-la-reivindicacion-historica-de-los-campesinos-solo-en-revolucion\/#primaryimage\",\"url\":\"https:\/\/www.mpppst.gob.ve\/mpppstweb\/wp-content\/uploads\/2025\/01\/4936017416224353885-1.jpg\",\"contentUrl\":\"https:\/\/www.mpppst.gob.ve\/mpppstweb\/wp-content\/uploads\/2025\/01\/4936017416224353885-1.jpg\",\"width\":1280,\"height\":721},{\"@type\":\"BreadcrumbList\",\"@id\":\"https:\/\/www.mpppst.gob.ve\/mpppstweb\/index.php\/23-aniversario-del-instituto-nacional-de-tierras-un-compromiso-con-el-desarrollo-rural-y-la-reivindicacion-historica-de-los-campesinos-solo-en-revolucion\/#breadcrumb\",\"itemListElement\":[{\"@type\":\"ListItem\",\"position\":1,\"name\":\"Home\",\"item\":\"https:\/\/www.mpppst.gob.ve\/mpppstweb\/\"},{\"@type\":\"ListItem\",\"position\":2,\"name\":\"23 aniversario del Instituto Nacional de Tierras: Un compromiso con el desarrollo rural y la reivindicaci\u00f3n hist\u00f3rica de los campesinos, s\u00f3lo en Revoluci\u00f3n.\"}]},{\"@type\":\"WebSite\",\"@id\":\"https:\/\/www.mpppst.gob.ve\/mpppstweb\/#website\",\"url\":\"https:\/\/www.mpppst.gob.ve\/mpppstweb\/\",\"name\":\"MPPPST\",\"description\":\"Ministerio del Poder Popular para el Proceso Social de Trabajo\",\"publisher\":{\"@id\":\"https:\/\/www.mpppst.gob.ve\/mpppstweb\/#organization\"},\"potentialAction\":[{\"@type\":\"SearchAction\",\"target\":{\"@type\":\"EntryPoint\",\"urlTemplate\":\"https:\/\/www.mpppst.gob.ve\/mpppstweb\/?s={search_term_string}\"},\"query-input\":\"required name=search_term_string\"}],\"inLanguage\":\"es\"},{\"@type\":\"Organization\",\"@id\":\"https:\/\/www.mpppst.gob.ve\/mpppstweb\/#organization\",\"name\":\"mpppst\",\"url\":\"https:\/\/www.mpppst.gob.ve\/mpppstweb\/\",\"logo\":{\"@type\":\"ImageObject\",\"inLanguage\":\"es\",\"@id\":\"https:\/\/www.mpppst.gob.ve\/mpppstweb\/#\/schema\/logo\/image\/\",\"url\":\"https:\/\/www.mpppst.gob.ve\/mpppstweb\/wp-content\/uploads\/2025\/07\/cropped-cropped-g910.png\",\"contentUrl\":\"https:\/\/www.mpppst.gob.ve\/mpppstweb\/wp-content\/uploads\/2025\/07\/cropped-cropped-g910.png\",\"width\":1080,\"height\":241,\"caption\":\"mpppst\"},\"image\":{\"@id\":\"https:\/\/www.mpppst.gob.ve\/mpppstweb\/#\/schema\/logo\/image\/\"}}]}<\/script>\n<!-- \/ Yoast SEO plugin. -->","yoast_head_json":{"title":"23 aniversario del Instituto Nacional de Tierras: Un compromiso con el desarrollo rural y la reivindicaci\u00f3n hist\u00f3rica de los campesinos, s\u00f3lo en Revoluci\u00f3n. - MPPPST","robots":{"index":"index","follow":"follow","max-snippet":"max-snippet:-1","max-image-preview":"max-image-preview:large","max-video-preview":"max-video-preview:-1"},"canonical":"https:\/\/www.mpppst.gob.ve\/mpppstweb\/index.php\/23-aniversario-del-instituto-nacional-de-tierras-un-compromiso-con-el-desarrollo-rural-y-la-reivindicacion-historica-de-los-campesinos-solo-en-revolucion\/","og_locale":"es_ES","og_type":"article","og_title":"23 aniversario del Instituto Nacional de Tierras: Un compromiso con el desarrollo rural y la reivindicaci\u00f3n hist\u00f3rica de los campesinos, s\u00f3lo en Revoluci\u00f3n. - MPPPST","og_description":"(Caracas, 21-01-25. Prensa MPPPST). El Instituto Nacional de Tierras (INTI) celebra su 23 aniversario, consolid\u00e1ndose como &hellip; 23 aniversario del Instituto Nacional de Tierras: Un compromiso con el desarrollo rural y la reivindicaci\u00f3n hist\u00f3rica de los campesinos, s\u00f3lo en Revoluci\u00f3n.Read more","og_url":"https:\/\/www.mpppst.gob.ve\/mpppstweb\/index.php\/23-aniversario-del-instituto-nacional-de-tierras-un-compromiso-con-el-desarrollo-rural-y-la-reivindicacion-historica-de-los-campesinos-solo-en-revolucion\/","og_site_name":"MPPPST","article_modified_time":"2025-01-22T02:03:50+00:00","og_image":[{"url":"https:\/\/www.mpppst.gob.ve\/mpppstweb\/wp-content\/uploads\/2025\/01\/4936017416224353885-1-1024x577.jpg"}],"twitter_card":"summary_large_image","twitter_misc":{"Tiempo de lectura":"3 minutos"},"schema":{"@context":"https:\/\/schema.org","@graph":[{"@type":"WebPage","@id":"https:\/\/www.mpppst.gob.ve\/mpppstweb\/index.php\/23-aniversario-del-instituto-nacional-de-tierras-un-compromiso-con-el-desarrollo-rural-y-la-reivindicacion-historica-de-los-campesinos-solo-en-revolucion\/","url":"https:\/\/www.mpppst.gob.ve\/mpppstweb\/index.php\/23-aniversario-del-instituto-nacional-de-tierras-un-compromiso-con-el-desarrollo-rural-y-la-reivindicacion-historica-de-los-campesinos-solo-en-revolucion\/","name":"23 aniversario del Instituto Nacional de Tierras: Un compromiso con el desarrollo rural y la reivindicaci\u00f3n hist\u00f3rica de los campesinos, s\u00f3lo en Revoluci\u00f3n. - MPPPST","isPartOf":{"@id":"https:\/\/www.mpppst.gob.ve\/mpppstweb\/#website"},"primaryImageOfPage":{"@id":"https:\/\/www.mpppst.gob.ve\/mpppstweb\/index.php\/23-aniversario-del-instituto-nacional-de-tierras-un-compromiso-con-el-desarrollo-rural-y-la-reivindicacion-historica-de-los-campesinos-solo-en-revolucion\/#primaryimage"},"image":{"@id":"https:\/\/www.mpppst.gob.ve\/mpppstweb\/index.php\/23-aniversario-del-instituto-nacional-de-tierras-un-compromiso-con-el-desarrollo-rural-y-la-reivindicacion-historica-de-los-campesinos-solo-en-revolucion\/#primaryimage"},"thumbnailUrl":"https:\/\/www.mpppst.gob.ve\/mpppstweb\/wp-content\/uploads\/2025\/01\/4936017416224353885-1-1024x577.jpg","datePublished":"2025-01-22T02:03:48+00:00","dateModified":"2025-01-22T02:03:50+00:00","breadcrumb":{"@id":"https:\/\/www.mpppst.gob.ve\/mpppstweb\/index.php\/23-aniversario-del-instituto-nacional-de-tierras-un-compromiso-con-el-desarrollo-rural-y-la-reivindicacion-historica-de-los-campesinos-solo-en-revolucion\/#breadcrumb"},"inLanguage":"es","potentialAction":[{"@type":"ReadAction","target":["https:\/\/www.mpppst.gob.ve\/mpppstweb\/index.php\/23-aniversario-del-instituto-nacional-de-tierras-un-compromiso-con-el-desarrollo-rural-y-la-reivindicacion-historica-de-los-campesinos-solo-en-revolucion\/"]}]},{"@type":"ImageObject","inLanguage":"es","@id":"https:\/\/www.mpppst.gob.ve\/mpppstweb\/index.php\/23-aniversario-del-instituto-nacional-de-tierras-un-compromiso-con-el-desarrollo-rural-y-la-reivindicacion-historica-de-los-campesinos-solo-en-revolucion\/#primaryimage","url":"https:\/\/www.mpppst.gob.ve\/mpppstweb\/wp-content\/uploads\/2025\/01\/4936017416224353885-1.jpg","contentUrl":"https:\/\/www.mpppst.gob.ve\/mpppstweb\/wp-content\/uploads\/2025\/01\/4936017416224353885-1.jpg","width":1280,"height":721},{"@type":"BreadcrumbList","@id":"https:\/\/www.mpppst.gob.ve\/mpppstweb\/index.php\/23-aniversario-del-instituto-nacional-de-tierras-un-compromiso-con-el-desarrollo-rural-y-la-reivindicacion-historica-de-los-campesinos-solo-en-revolucion\/#breadcrumb","itemListElement":[{"@type":"ListItem","position":1,"name":"Home","item":"https:\/\/www.mpppst.gob.ve\/mpppstweb\/"},{"@type":"ListItem","position":2,"name":"23 aniversario del Instituto Nacional de Tierras: Un compromiso con el desarrollo rural y la reivindicaci\u00f3n hist\u00f3rica de los campesinos, s\u00f3lo en Revoluci\u00f3n."}]},{"@type":"WebSite","@id":"https:\/\/www.mpppst.gob.ve\/mpppstweb\/#website","url":"https:\/\/www.mpppst.gob.ve\/mpppstweb\/","name":"MPPPST","description":"Ministerio del Poder Popular para el Proceso Social de Trabajo","publisher":{"@id":"https:\/\/www.mpppst.gob.ve\/mpppstweb\/#organization"},"potentialAction":[{"@type":"SearchAction","target":{"@type":"EntryPoint","urlTemplate":"https:\/\/www.mpppst.gob.ve\/mpppstweb\/?s={search_term_string}"},"query-input":"required name=search_term_string"}],"inLanguage":"es"},{"@type":"Organization","@id":"https:\/\/www.mpppst.gob.ve\/mpppstweb\/#organization","name":"mpppst","url":"https:\/\/www.mpppst.gob.ve\/mpppstweb\/","logo":{"@type":"ImageObject","inLanguage":"es","@id":"https:\/\/www.mpppst.gob.ve\/mpppstweb\/#\/schema\/logo\/image\/","url":"https:\/\/www.mpppst.gob.ve\/mpppstweb\/wp-content\/uploads\/2025\/07\/cropped-cropped-g910.png","contentUrl":"https:\/\/www.mpppst.gob.ve\/mpppstweb\/wp-content\/uploads\/2025\/07\/cropped-cropped-g910.png","width":1080,"height":241,"caption":"mpppst"},"image":{"@id":"https:\/\/www.mpppst.gob.ve\/mpppstweb\/#\/schema\/logo\/image\/"}}]}},"_links":{"self":[{"href":"https:\/\/www.mpppst.gob.ve\/mpppstweb\/index.php\/wp-json\/wp\/v2\/pages\/26923"}],"collection":[{"href":"https:\/\/www.mpppst.gob.ve\/mpppstweb\/index.php\/wp-json\/wp\/v2\/pages"}],"about":[{"href":"https:\/\/www.mpppst.gob.ve\/mpppstweb\/index.php\/wp-json\/wp\/v2\/types\/page"}],"author":[{"embeddable":true,"href":"https:\/\/www.mpppst.gob.ve\/mpppstweb\/index.php\/wp-json\/wp\/v2\/users\/25"}],"replies":[{"embeddable":true,"href":"https:\/\/www.mpppst.gob.ve\/mpppstweb\/index.php\/wp-json\/wp\/v2\/comments?post=26923"}],"version-history":[{"count":15,"href":"https:\/\/www.mpppst.gob.ve\/mpppstweb\/index.php\/wp-json\/wp\/v2\/pages\/26923\/revisions"}],"predecessor-version":[{"id":26942,"href":"https:\/\/www.mpppst.gob.ve\/mpppstweb\/index.php\/wp-json\/wp\/v2\/pages\/26923\/revisions\/26942"}],"wp:attachment":[{"href":"https:\/\/www.mpppst.gob.ve\/mpppstweb\/index.php\/wp-json\/wp\/v2\/media?parent=26923"}],"curies":[{"name":"wp","href":"https:\/\/api.w.org\/{rel}","templated":true}]}}