{"id":421,"date":"2016-03-29T15:24:58","date_gmt":"2016-03-29T15:24:58","guid":{"rendered":"http:\/\/www.mpppst.gob.ve\/mpppstweb\/?page_id=421"},"modified":"2024-06-18T14:52:13","modified_gmt":"2024-06-18T18:52:13","slug":"oac","status":"publish","type":"page","link":"https:\/\/www.mpppst.gob.ve\/mpppstweb\/index.php\/oac\/","title":{"rendered":"Oficina de Atenci\u00f3n Ciudadana"},"content":{"rendered":"<h4 style=\"text-align: justify;\"><strong>Visi\u00f3n<\/strong><\/h4>\n<p style=\"text-align: justify;\">Constituirse en una Direcci\u00f3n de referencia nacional, en materia de participaci\u00f3n ciudadana para el ejercicio de la gesti\u00f3n contralora consagrada en la Constituci\u00f3n de la Rep\u00fablica Bolivariana de Venezuela, como instancia que trabaje en pro de la efectividad de los derechos laborales, desde una gesti\u00f3n trasparente, que promueva principios y valores que gu\u00eden la conducta de los servidores p\u00fablicos y de los ciudadanos, como v\u00eda a la construcci\u00f3n del Estado Socialista venezolano.<\/p>\n<h4 style=\"text-align: justify;\"><strong>Misi\u00f3n<\/strong><\/h4>\n<p style=\"text-align: justify;\">Poner a disposici\u00f3n de la ciudadan\u00eda un medio de participaci\u00f3n directa, organizada, individual o colectiva, para el control de la gesti\u00f3n p\u00fablica; en la prevenci\u00f3n e investigaci\u00f3n de actos que atenten contra la \u00e9tica p\u00fablica y la moral administrativa; en la promoci\u00f3n de la educaci\u00f3n ciudadana, como proceso creador; proporcionando orientaci\u00f3n e informaci\u00f3n oportuna a los ciudadanos de lo organizativo y funcional del MPPPST.<\/p>\n<h4 style=\"text-align: justify;\"><strong>Objetivo<\/strong><\/h4>\n<p style=\"text-align: justify;\">Promover la participaci\u00f3n protag\u00f3nica y democr\u00e1tica de la ciudadan\u00eda en el Control de la Gesti\u00f3n P\u00fablica, a trav\u00e9s de la prestaci\u00f3n de un servicio eficiente en las denuncias, quejas, reclamos, sugerencias y peticiones formuladas, para garantizar el derecho al ejercicio de la contralor\u00eda social de los trabajadores, trabajadoras, ciudadanos y ciudadanas en el MPPPST.<\/p>\n<h4 style=\"text-align: justify;\"><strong>\u00bfA quienes atendemos?<\/strong><\/h4>\n<ul>\n<li style=\"text-align: justify;\">A toda la comunidad organizada y dem\u00e1s organizaciones de base.<\/li>\n<li style=\"text-align: justify;\">A la ciudadan\u00eda en general.<\/li>\n<li style=\"text-align: justify;\">A todos los trabajadores y trabajadoras.<\/li>\n<\/ul>\n<h4 style=\"text-align: justify;\"><strong>\u00bfQu\u00e9 protegemos?<\/strong><\/h4>\n<ul>\n<li style=\"text-align: justify;\">Los derechos de los trabajadores\/a.<\/li>\n<li style=\"text-align: justify;\">Estabilidad y Garant\u00eda.<\/li>\n<li style=\"text-align: justify;\">Salud y seguridad laboral.<\/li>\n<li style=\"text-align: justify;\">Resguardo de la legalidad.<\/li>\n<\/ul>\n<p style=\"text-align: justify;\"><strong>Comunicarse a trav\u00e9s del correo electr\u00f3nico: <\/strong>\u00a0oacseguimiento@gmail.com<\/p>\n<p style=\"text-align: justify;\"><strong>Tel\u00e9fonos:\u00a0<\/strong>0212-4084490 \/ 0800 &#8211; TRABAJO (0800-8722256)<\/p>\n<h4><strong>Informaci\u00f3n que puede solicitar a trav\u00e9s de la l\u00ednea 0800:<\/strong><\/h4>\n<ol>\n<li>Jornada laboral<\/li>\n<li>Horas extras<\/li>\n<li>D\u00edas feriados<\/li>\n<li>Salario m\u00ednimo<\/li>\n<li>Beneficios de alimentaci\u00f3n<\/li>\n<li>Utilidades<\/li>\n<li>Prestaciones sociales<\/li>\n<li>Vacaciones<\/li>\n<li>Despidos justificados e injustificados<\/li>\n<li>Fuero maternal y paternal<\/li>\n<li>Guarder\u00eda<\/li>\n<li>Inamovilidad laboral<\/li>\n<li>Seguridad social<\/li>\n<\/ol>\n","protected":false},"excerpt":{"rendered":"<p>Visi\u00f3n Constituirse en una Direcci\u00f3n de referencia nacional, en materia de participaci\u00f3n ciudadana para el ejercicio &hellip; <a title=\"Oficina de Atenci\u00f3n Ciudadana\" class=\"hm-read-more\" href=\"https:\/\/www.mpppst.gob.ve\/mpppstweb\/index.php\/oac\/\"><span class=\"screen-reader-text\">Oficina de Atenci\u00f3n Ciudadana<\/span>Read more<\/a><\/p>\n","protected":false},"author":25,"featured_media":0,"parent":0,"menu_order":0,"comment_status":"closed","ping_status":"closed","template":"","meta":{"footnotes":""},"yoast_head":"<!-- This site is optimized with the Yoast SEO plugin v22.5 - https:\/\/yoast.com\/wordpress\/plugins\/seo\/ -->\n<title>Oficina de Atenci\u00f3n Ciudadana - MPPPST<\/title>\n<meta name=\"robots\" content=\"index, follow, max-snippet:-1, max-image-preview:large, max-video-preview:-1\" \/>\n<link rel=\"canonical\" href=\"https:\/\/www.mpppst.gob.ve\/mpppstweb\/index.php\/oac\/\" \/>\n<meta property=\"og:locale\" content=\"es_ES\" \/>\n<meta property=\"og:type\" content=\"article\" \/>\n<meta property=\"og:title\" content=\"Oficina de Atenci\u00f3n Ciudadana - MPPPST\" \/>\n<meta property=\"og:description\" content=\"Visi\u00f3n Constituirse en una Direcci\u00f3n de referencia nacional, en materia de participaci\u00f3n ciudadana para el ejercicio &hellip; Oficina de Atenci\u00f3n CiudadanaRead more\" \/>\n<meta property=\"og:url\" content=\"https:\/\/www.mpppst.gob.ve\/mpppstweb\/index.php\/oac\/\" \/>\n<meta property=\"og:site_name\" content=\"MPPPST\" \/>\n<meta property=\"article:modified_time\" content=\"2024-06-18T18:52:13+00:00\" \/>\n<meta name=\"twitter:card\" content=\"summary_large_image\" \/>\n<meta name=\"twitter:label1\" content=\"Tiempo de lectura\" \/>\n\t<meta name=\"twitter:data1\" content=\"2 minutos\" \/>\n<script type=\"application\/ld+json\" class=\"yoast-schema-graph\">{\"@context\":\"https:\/\/schema.org\",\"@graph\":[{\"@type\":\"WebPage\",\"@id\":\"https:\/\/www.mpppst.gob.ve\/mpppstweb\/index.php\/oac\/\",\"url\":\"https:\/\/www.mpppst.gob.ve\/mpppstweb\/index.php\/oac\/\",\"name\":\"Oficina de Atenci\u00f3n Ciudadana - MPPPST\",\"isPartOf\":{\"@id\":\"https:\/\/www.mpppst.gob.ve\/mpppstweb\/#website\"},\"datePublished\":\"2016-03-29T15:24:58+00:00\",\"dateModified\":\"2024-06-18T18:52:13+00:00\",\"breadcrumb\":{\"@id\":\"https:\/\/www.mpppst.gob.ve\/mpppstweb\/index.php\/oac\/#breadcrumb\"},\"inLanguage\":\"es\",\"potentialAction\":[{\"@type\":\"ReadAction\",\"target\":[\"https:\/\/www.mpppst.gob.ve\/mpppstweb\/index.php\/oac\/\"]}]},{\"@type\":\"BreadcrumbList\",\"@id\":\"https:\/\/www.mpppst.gob.ve\/mpppstweb\/index.php\/oac\/#breadcrumb\",\"itemListElement\":[{\"@type\":\"ListItem\",\"position\":1,\"name\":\"Home\",\"item\":\"https:\/\/www.mpppst.gob.ve\/mpppstweb\/\"},{\"@type\":\"ListItem\",\"position\":2,\"name\":\"Oficina de Atenci\u00f3n Ciudadana\"}]},{\"@type\":\"WebSite\",\"@id\":\"https:\/\/www.mpppst.gob.ve\/mpppstweb\/#website\",\"url\":\"https:\/\/www.mpppst.gob.ve\/mpppstweb\/\",\"name\":\"MPPPST\",\"description\":\"Ministerio del Poder Popular para el Proceso Social de Trabajo\",\"publisher\":{\"@id\":\"https:\/\/www.mpppst.gob.ve\/mpppstweb\/#organization\"},\"potentialAction\":[{\"@type\":\"SearchAction\",\"target\":{\"@type\":\"EntryPoint\",\"urlTemplate\":\"https:\/\/www.mpppst.gob.ve\/mpppstweb\/?s={search_term_string}\"},\"query-input\":\"required name=search_term_string\"}],\"inLanguage\":\"es\"},{\"@type\":\"Organization\",\"@id\":\"https:\/\/www.mpppst.gob.ve\/mpppstweb\/#organization\",\"name\":\"mpppst\",\"url\":\"https:\/\/www.mpppst.gob.ve\/mpppstweb\/\",\"logo\":{\"@type\":\"ImageObject\",\"inLanguage\":\"es\",\"@id\":\"https:\/\/www.mpppst.gob.ve\/mpppstweb\/#\/schema\/logo\/image\/\",\"url\":\"https:\/\/www.mpppst.gob.ve\/mpppstweb\/wp-content\/uploads\/2025\/07\/cropped-cropped-g910.png\",\"contentUrl\":\"https:\/\/www.mpppst.gob.ve\/mpppstweb\/wp-content\/uploads\/2025\/07\/cropped-cropped-g910.png\",\"width\":1080,\"height\":241,\"caption\":\"mpppst\"},\"image\":{\"@id\":\"https:\/\/www.mpppst.gob.ve\/mpppstweb\/#\/schema\/logo\/image\/\"}}]}<\/script>\n<!-- \/ Yoast SEO plugin. -->","yoast_head_json":{"title":"Oficina de Atenci\u00f3n Ciudadana - MPPPST","robots":{"index":"index","follow":"follow","max-snippet":"max-snippet:-1","max-image-preview":"max-image-preview:large","max-video-preview":"max-video-preview:-1"},"canonical":"https:\/\/www.mpppst.gob.ve\/mpppstweb\/index.php\/oac\/","og_locale":"es_ES","og_type":"article","og_title":"Oficina de Atenci\u00f3n Ciudadana - MPPPST","og_description":"Visi\u00f3n Constituirse en una Direcci\u00f3n de referencia nacional, en materia de participaci\u00f3n ciudadana para el ejercicio &hellip; Oficina de Atenci\u00f3n CiudadanaRead more","og_url":"https:\/\/www.mpppst.gob.ve\/mpppstweb\/index.php\/oac\/","og_site_name":"MPPPST","article_modified_time":"2024-06-18T18:52:13+00:00","twitter_card":"summary_large_image","twitter_misc":{"Tiempo de lectura":"2 minutos"},"schema":{"@context":"https:\/\/schema.org","@graph":[{"@type":"WebPage","@id":"https:\/\/www.mpppst.gob.ve\/mpppstweb\/index.php\/oac\/","url":"https:\/\/www.mpppst.gob.ve\/mpppstweb\/index.php\/oac\/","name":"Oficina de Atenci\u00f3n Ciudadana - MPPPST","isPartOf":{"@id":"https:\/\/www.mpppst.gob.ve\/mpppstweb\/#website"},"datePublished":"2016-03-29T15:24:58+00:00","dateModified":"2024-06-18T18:52:13+00:00","breadcrumb":{"@id":"https:\/\/www.mpppst.gob.ve\/mpppstweb\/index.php\/oac\/#breadcrumb"},"inLanguage":"es","potentialAction":[{"@type":"ReadAction","target":["https:\/\/www.mpppst.gob.ve\/mpppstweb\/index.php\/oac\/"]}]},{"@type":"BreadcrumbList","@id":"https:\/\/www.mpppst.gob.ve\/mpppstweb\/index.php\/oac\/#breadcrumb","itemListElement":[{"@type":"ListItem","position":1,"name":"Home","item":"https:\/\/www.mpppst.gob.ve\/mpppstweb\/"},{"@type":"ListItem","position":2,"name":"Oficina de Atenci\u00f3n Ciudadana"}]},{"@type":"WebSite","@id":"https:\/\/www.mpppst.gob.ve\/mpppstweb\/#website","url":"https:\/\/www.mpppst.gob.ve\/mpppstweb\/","name":"MPPPST","description":"Ministerio del Poder Popular para el Proceso Social de Trabajo","publisher":{"@id":"https:\/\/www.mpppst.gob.ve\/mpppstweb\/#organization"},"potentialAction":[{"@type":"SearchAction","target":{"@type":"EntryPoint","urlTemplate":"https:\/\/www.mpppst.gob.ve\/mpppstweb\/?s={search_term_string}"},"query-input":"required name=search_term_string"}],"inLanguage":"es"},{"@type":"Organization","@id":"https:\/\/www.mpppst.gob.ve\/mpppstweb\/#organization","name":"mpppst","url":"https:\/\/www.mpppst.gob.ve\/mpppstweb\/","logo":{"@type":"ImageObject","inLanguage":"es","@id":"https:\/\/www.mpppst.gob.ve\/mpppstweb\/#\/schema\/logo\/image\/","url":"https:\/\/www.mpppst.gob.ve\/mpppstweb\/wp-content\/uploads\/2025\/07\/cropped-cropped-g910.png","contentUrl":"https:\/\/www.mpppst.gob.ve\/mpppstweb\/wp-content\/uploads\/2025\/07\/cropped-cropped-g910.png","width":1080,"height":241,"caption":"mpppst"},"image":{"@id":"https:\/\/www.mpppst.gob.ve\/mpppstweb\/#\/schema\/logo\/image\/"}}]}},"_links":{"self":[{"href":"https:\/\/www.mpppst.gob.ve\/mpppstweb\/index.php\/wp-json\/wp\/v2\/pages\/421"}],"collection":[{"href":"https:\/\/www.mpppst.gob.ve\/mpppstweb\/index.php\/wp-json\/wp\/v2\/pages"}],"about":[{"href":"https:\/\/www.mpppst.gob.ve\/mpppstweb\/index.php\/wp-json\/wp\/v2\/types\/page"}],"author":[{"embeddable":true,"href":"https:\/\/www.mpppst.gob.ve\/mpppstweb\/index.php\/wp-json\/wp\/v2\/users\/25"}],"replies":[{"embeddable":true,"href":"https:\/\/www.mpppst.gob.ve\/mpppstweb\/index.php\/wp-json\/wp\/v2\/comments?post=421"}],"version-history":[{"count":32,"href":"https:\/\/www.mpppst.gob.ve\/mpppstweb\/index.php\/wp-json\/wp\/v2\/pages\/421\/revisions"}],"predecessor-version":[{"id":27622,"href":"https:\/\/www.mpppst.gob.ve\/mpppstweb\/index.php\/wp-json\/wp\/v2\/pages\/421\/revisions\/27622"}],"wp:attachment":[{"href":"https:\/\/www.mpppst.gob.ve\/mpppstweb\/index.php\/wp-json\/wp\/v2\/media?parent=421"}],"curies":[{"name":"wp","href":"https:\/\/api.w.org\/{rel}","templated":true}]}}