{"id":5508,"date":"2014-03-11T15:01:57","date_gmt":"2014-03-11T15:01:57","guid":{"rendered":"http:\/\/www.mpppst.gob.ve\/minpptrass\/?page_id=73"},"modified":"2025-06-16T18:21:19","modified_gmt":"2025-06-16T22:21:19","slug":"ministerio","status":"publish","type":"page","link":"https:\/\/www.mpppst.gob.ve\/mpppstweb\/index.php\/ministerio\/","title":{"rendered":"Ministerio del Poder Popular para el Proceso Social de Trabajo"},"content":{"rendered":"<p style=\"text-align: justify;\">Es el encargado de la gesti\u00f3n de las pol\u00edticas del Poder Ejecutivo nacional en materia de relaciones laborales, empleo y de la seguridad social. Propone, dise\u00f1a, elabora, administra y fiscaliza las pol\u00edticas para todas las \u00e1reas del trabajo, el empleo y las relaciones laborales, la capacitaci\u00f3n laboral y la Seguridad Social.<\/p>\n<p style=\"text-align: justify;\">El organismo est\u00e1 a cargo del ministro, quien es designado por el Presidente de la Naci\u00f3n. La cartera laboral est\u00e1 formada por tres secretar\u00edas: Trabajo, Empleo, Seguridad Social; Subsecretar\u00edas y Direcciones Nacionales.<\/p>\n<p style=\"text-align: justify;\"><strong>OBJETIVO GENERAL<\/strong><br \/>\nGarantizar que la concepci\u00f3n constitucional sobre el trabajo como proceso social fundamental para alcanzar los fines esenciales del Estado, constituya la esencia de la correcta aplicaci\u00f3n de la Ley en la resoluci\u00f3n de las situaciones y relaciones jur\u00eddicas derivadas del proceso social nacional de trabajo.<\/p>\n<p style=\"text-align: justify;\">OBJETIVOS ESPEC\u00cdFICOS<\/p>\n<ul>\n<li>Propiciar un nuevo modelo de gesti\u00f3n en las entidades de trabajo que garantice la estabilidad del proceso social nacional de trabajo y su sustentabilidad en la retornabilidad social.<\/li>\n<li>Desarrollar la conciencia de clase de la clase obrera, su conciencia social, su formaci\u00f3n integral y su compromiso consciente con el Plan Socialista de Desarrollo Econ\u00f3mico y Social de la Naci\u00f3n.<\/li>\n<li>Constituir equipos interinstitucionales que en materia de trabajo y seguridad social desarrollen planes, programas y proyectos, a los efectos de elaborar democr\u00e1ticamente las pol\u00edticas que incluyan a los trabajadores y trabajadoras protegiendo, estabilizando y desarrollando el proceso social nacional de trabajo.<\/li>\n<li>Acelerar en coordinaci\u00f3n interinstitucional y junto al pueblo, el cumplimiento y articulaci\u00f3n de las metas de los Programas, Misiones y Grandes Misiones asociadas al concepto bolivariano de seguridad social, como fundamento de la m\u00e1xima felicidad.<\/li>\n<li>Asegurar con calidad y eficacia revolucionaria de las instituciones, junto a los trabajadores y las trabajadoras, la salud y la seguridad en el proceso social nacional de trabajo.<\/li>\n<li>Facilitar la articulaci\u00f3n entre entidades de trabajo y organizaciones comunales del Poder Popular, para generar el conocimiento y la innovaci\u00f3n tecnol\u00f3gica de los procesos productivos en el marco del Plan Socialista de Desarrollo Econ\u00f3mico y Social de la Patria.<\/li>\n<li>Promover y contribuir a la formulaci\u00f3n de nuevos instrumentos legales necesarios, a partir de las organizaciones sociales de los trabajadores y las trabajadoras, en el marco de la estrategia Pueblo Legislador.<\/li>\n<li>Fortalecer el sistema integral de supervisi\u00f3n, inspecci\u00f3n y fiscalizaci\u00f3n en materia de derechos laborales y condiciones de trabajo, en articulaci\u00f3n con las organizaciones sindicales y sociales de trabajadores y trabajadoras.<\/li>\n<li>Proteger, conjuntamente con los trabajadores, trabajadoras, y sus organizaciones sindicales y sociales el derecho a la negociaci\u00f3n colectiva, a la libertad sindical y a la soluci\u00f3n pac\u00edfica de conflictos, trascendiendo hacia planos superiores en ofensiva de la clase trabajadora para la construcci\u00f3n de la nueva sociedad.<\/li>\n<li>Participar activamente en las instancias internacionales en materia laboral y de seguridad social, propiciando la complementariedad, la solidaridad, la cooperaci\u00f3n y la articulaci\u00f3n de esfuerzos para lograr espacios de uni\u00f3n e integraci\u00f3n.<\/li>\n<\/ul>\n<p style=\"text-align: justify;\">ESTRATEGIAS<\/p>\n<ul style=\"text-align: justify;\">\n<li>Formaci\u00f3n y Autoformaci\u00f3n colectiva, integral, continua y permanente de la clase obrera.<\/li>\n<li>Recreaci\u00f3n, cultura y deporte desde el proceso social de trabajo.<\/li>\n<li>Corresponsabilidad en la Seguridad y Defensa Integral de la Naci\u00f3n.<\/li>\n<li>Supervisi\u00f3n sist\u00e9mica e integral del proceso social de trabajo.<\/li>\n<li>Administraci\u00f3n eficaz y efectiva de justicia en sede administrativa.<\/li>\n<li>Seguridad social universalizada.<\/li>\n<li>Sistema nacional de registros laborales.<\/li>\n<\/ul>\n<p style=\"text-align: justify;\">PRINCIPIOS<\/p>\n<ul style=\"text-align: justify;\">\n<li>Honestidad.<\/li>\n<li>Participaci\u00f3n.<\/li>\n<li>Celeridad.<\/li>\n<li>Eficacia.<\/li>\n<li>Eficiencia.<\/li>\n<li>Transparencia.<\/li>\n<li>Rendici\u00f3n de cuentas.<\/li>\n<li>Responsabilidad en el ejercicio de la funci\u00f3n p\u00fablica.<\/li>\n<\/ul>\n<p style=\"text-align: justify;\">VALORES<\/p>\n<ul style=\"text-align: justify;\">\n<li>La vida.<\/li>\n<li>La libertad.<\/li>\n<li>La justicia.<\/li>\n<li>La igualdad.<\/li>\n<li>La solidaridad.<\/li>\n<li>La democracia.<\/li>\n<li>La responsabilidad social.<\/li>\n<li>La preeminencia de los derechos humanos.<\/li>\n<li>La \u00e9tica.<\/li>\n<li>El pluralismo pol\u00edtico.<\/li>\n<li>La paz internacional.<\/li>\n<\/ul>\n<p style=\"text-align: justify;\">POL\u00cdTICAS<\/p>\n<ul style=\"text-align: justify;\">\n<li>Asegurar la participaci\u00f3n protag\u00f3nica de los trabajadores y las trabajadoras en el proceso social nacional de trabajo.<\/li>\n<li>Garantizar la protecci\u00f3n del proceso social nacional de trabajo y los derechos de los trabajadores y trabajadoras.<\/li>\n<li>Garantizar la universalidad, la plena inclusi\u00f3n, protecci\u00f3n y efectivo disfrute del derecho a la seguridad social de todas las personas, particularmente quienes m\u00e1s lo necesiten, independientemente de su capacidad contributiva.<\/li>\n<li>Garantizar la recreaci\u00f3n, la cultura y el deporte desde el proceso social nacional de trabajo.<\/li>\n<li>Consolidar y desarrollar las Milicias Obreras organizadas en Cuerpos de Combatientes en las entidades de trabajo, dando cumplimiento al principio constitucional de corresponsabilidad en materia de Seguridad y Defensa Integral de la Naci\u00f3n.<\/li>\n<li>Dise\u00f1ar y ejecutar planes y misiones relacionadas con la formaci\u00f3n y autoformaci\u00f3n de los trabajadores y trabajadoras desde el proceso social nacional de trabajo.<\/li>\n<li>Promover y proteger las fuentes de trabajo, las condiciones de salud y seguridad laboral para la participaci\u00f3n en el proceso social nacional de trabajo, y el salario suficiente que le permita al trabajador y la trabajadora vivir con dignidad y cubrir para s\u00ed y su familia las necesidades b\u00e1sicas, materiales, sociales e intelectuales.<\/li>\n<li>Supervisar, inspeccionar y fiscalizar las entidades de trabajo para garantizar el cumplimiento de las normas, con especial atenci\u00f3n a los sectores que por sus caracter\u00edsticas tienen modalidades especiales de condiciones de trabajo, procurando la mayor participaci\u00f3n democr\u00e1tica de los trabajadores, trabajadoras, sus organizaciones sindicales y sociales.<\/li>\n<li>Proteger el proceso social nacional de trabajo para la producci\u00f3n de bienes y servicios que satisfagan las necesidades del pueblo, procurando la justa distribuci\u00f3n de la riqueza producida, garantizando los costos y precios justos.<\/li>\n<li>Acompa\u00f1amiento a la clase obrera para proteger, estabilizar y desarrollar el proceso social nacional de trabajo y garantizar el cumplimiento de los derechos y deberes socio-laborales y de seguridad social (estabilidad laboral, inamovilidad, fuero maternal, fuero paternal, fuero sindical, salud e higiene laboral, pensiones, salud, formaci\u00f3n para el trabajo, recreaci\u00f3n y vivienda).<\/li>\n<\/ul>\n<p style=\"text-align: justify;\">SERVICIOS<\/p>\n<ul style=\"text-align: justify;\">\n<li>Asesor\u00eda y asistencia a la clase obrera para registro de las organizaciones sindicales de trabajadores y trabajadoras.<\/li>\n<li>Asesor\u00eda y asistencia para c\u00e1lculo y defensa de los beneficios contractuales (prestaciones, antig\u00fcedad, preaviso, vacaciones, utilidades, Intereses sobre fideicomisos, Paro forzoso, horas extraordinarias, despido injustificado, entre otros, derivado de cada contrato colectivo).<\/li>\n<li>Recepci\u00f3n y procesamiento de denuncias formuladas por entidades de trabajo y trabajadores y trabajadoras. Asesor\u00eda y consultas jur\u00eddica \u2013 administrativa en el \u00e1rea socio laboral y de seguridad social. Informaci\u00f3n sobre el Ministerio.<\/li>\n<li>Asesor\u00eda en cuanto a: Despidos masivos, convenciones colectivas, pliegos de peticiones, procedimientos de multas, inscripci\u00f3n de organizaciones sindicales y la formulaci\u00f3n del plan de formaci\u00f3n y autoformaci\u00f3n colectiva, integral, continua y permanente. Asistencia para la inserci\u00f3n y reinserci\u00f3n en el proceso social nacional de trabajo.<\/li>\n<\/ul>\n<p style=\"text-align: justify;\"><strong>ORGANIGRAMA<\/strong><\/p>\n<ul>\n<li style=\"text-align: justify;\"><a href=\"https:\/\/www.mpppst.gob.ve\/mpppstweb\/wp-content\/uploads\/2016\/10\/OrganigramaMPPPST18102016.pdf\" target=\"_blank\" rel=\"noopener\">Organigrama de la estructura del Ministerio del Poder Popular para el Proceso Social de Trabajo<\/a><\/li>\n<li style=\"text-align: justify;\"><a href=\"\/mpppstweb\/wp-content\/uploads\/2016\/07\/Gaceta40401-cambio-denominacion-mintrabajo.pdf\" target=\"_blank\" rel=\"noopener\">Modificaci\u00f3n de la denominaci\u00f3n del Ministerio para el Trabajo y Seguridad Social\u00a0(Gaceta Oficial\u00a0 N\u00b040.401, de fecha martes 29 de abril de 2014)<\/a><\/li>\n<li style=\"text-align: justify;\"><a href=\"\/mpppstweb\/wp-content\/uploads\/2016\/07\/GacetaExtraordinaria6174ReglamentoOrganicoTrabajo.pdf\" target=\"_blank\" rel=\"noopener\">Reglamento\u00a0Org\u00e1nico del Ministerio del Poder Popular para el Proceso Social de Trabajo\u00a0(Gaceta Oficial N\u00ba 6.174 Extraordinario del 20 de febrero de 2015)<\/a><\/li>\n<li style=\"text-align: justify;\"><a href=\"http:\/\/www.mpppst.gob.ve\/mpppstweb\/wp-content\/uploads\/2016\/10\/318759336-Gaceta-Oficial-Extraordinaria-N-6-238-Notilogia.pdf\" target=\"_blank\" rel=\"noopener\">Gaceta Oficial Extraordinaria N\u00b0 6.238, Decreto N\u00b0 2378, mediante el cual se dicta el Decreto Sobre Organizaci\u00f3n General de la Administraci\u00f3n P\u00fablica Nacional<\/a><\/li>\n<\/ul>\n","protected":false},"excerpt":{"rendered":"<p>Es el encargado de la gesti\u00f3n de las pol\u00edticas del Poder Ejecutivo nacional en materia de &hellip; <a title=\"Ministerio del Poder Popular para el Proceso Social de Trabajo\" class=\"hm-read-more\" href=\"https:\/\/www.mpppst.gob.ve\/mpppstweb\/index.php\/ministerio\/\"><span class=\"screen-reader-text\">Ministerio del Poder Popular para el Proceso Social de Trabajo<\/span>Read more<\/a><\/p>\n","protected":false},"author":25,"featured_media":0,"parent":0,"menu_order":0,"comment_status":"closed","ping_status":"closed","template":"","meta":{"footnotes":""},"yoast_head":"<!-- This site is optimized with the Yoast SEO plugin v22.5 - https:\/\/yoast.com\/wordpress\/plugins\/seo\/ -->\n<title>Ministerio del Poder Popular para el Proceso Social de Trabajo - MPPPST<\/title>\n<meta name=\"robots\" content=\"index, follow, max-snippet:-1, max-image-preview:large, max-video-preview:-1\" \/>\n<link rel=\"canonical\" href=\"https:\/\/www.mpppst.gob.ve\/mpppstweb\/index.php\/ministerio\/\" \/>\n<meta property=\"og:locale\" content=\"es_ES\" \/>\n<meta property=\"og:type\" content=\"article\" \/>\n<meta property=\"og:title\" content=\"Ministerio del Poder Popular para el Proceso Social de Trabajo - MPPPST\" \/>\n<meta property=\"og:description\" content=\"Es el encargado de la gesti\u00f3n de las pol\u00edticas del Poder Ejecutivo nacional en materia de &hellip; Ministerio del Poder Popular para el Proceso Social de TrabajoRead more\" \/>\n<meta property=\"og:url\" content=\"https:\/\/www.mpppst.gob.ve\/mpppstweb\/index.php\/ministerio\/\" \/>\n<meta property=\"og:site_name\" content=\"MPPPST\" \/>\n<meta property=\"article:modified_time\" content=\"2025-06-16T22:21:19+00:00\" \/>\n<meta name=\"twitter:card\" content=\"summary_large_image\" \/>\n<meta name=\"twitter:label1\" content=\"Tiempo de lectura\" \/>\n\t<meta name=\"twitter:data1\" content=\"6 minutos\" \/>\n<script type=\"application\/ld+json\" class=\"yoast-schema-graph\">{\"@context\":\"https:\/\/schema.org\",\"@graph\":[{\"@type\":\"WebPage\",\"@id\":\"https:\/\/www.mpppst.gob.ve\/mpppstweb\/index.php\/ministerio\/\",\"url\":\"https:\/\/www.mpppst.gob.ve\/mpppstweb\/index.php\/ministerio\/\",\"name\":\"Ministerio del Poder Popular para el Proceso Social de Trabajo - MPPPST\",\"isPartOf\":{\"@id\":\"https:\/\/www.mpppst.gob.ve\/mpppstweb\/#website\"},\"datePublished\":\"2014-03-11T15:01:57+00:00\",\"dateModified\":\"2025-06-16T22:21:19+00:00\",\"breadcrumb\":{\"@id\":\"https:\/\/www.mpppst.gob.ve\/mpppstweb\/index.php\/ministerio\/#breadcrumb\"},\"inLanguage\":\"es\",\"potentialAction\":[{\"@type\":\"ReadAction\",\"target\":[\"https:\/\/www.mpppst.gob.ve\/mpppstweb\/index.php\/ministerio\/\"]}]},{\"@type\":\"BreadcrumbList\",\"@id\":\"https:\/\/www.mpppst.gob.ve\/mpppstweb\/index.php\/ministerio\/#breadcrumb\",\"itemListElement\":[{\"@type\":\"ListItem\",\"position\":1,\"name\":\"Home\",\"item\":\"https:\/\/www.mpppst.gob.ve\/mpppstweb\/\"},{\"@type\":\"ListItem\",\"position\":2,\"name\":\"Ministerio del Poder Popular para el Proceso Social de Trabajo\"}]},{\"@type\":\"WebSite\",\"@id\":\"https:\/\/www.mpppst.gob.ve\/mpppstweb\/#website\",\"url\":\"https:\/\/www.mpppst.gob.ve\/mpppstweb\/\",\"name\":\"MPPPST\",\"description\":\"Ministerio del Poder Popular para el Proceso Social de Trabajo\",\"publisher\":{\"@id\":\"https:\/\/www.mpppst.gob.ve\/mpppstweb\/#organization\"},\"potentialAction\":[{\"@type\":\"SearchAction\",\"target\":{\"@type\":\"EntryPoint\",\"urlTemplate\":\"https:\/\/www.mpppst.gob.ve\/mpppstweb\/?s={search_term_string}\"},\"query-input\":\"required name=search_term_string\"}],\"inLanguage\":\"es\"},{\"@type\":\"Organization\",\"@id\":\"https:\/\/www.mpppst.gob.ve\/mpppstweb\/#organization\",\"name\":\"mpppst\",\"url\":\"https:\/\/www.mpppst.gob.ve\/mpppstweb\/\",\"logo\":{\"@type\":\"ImageObject\",\"inLanguage\":\"es\",\"@id\":\"https:\/\/www.mpppst.gob.ve\/mpppstweb\/#\/schema\/logo\/image\/\",\"url\":\"https:\/\/www.mpppst.gob.ve\/mpppstweb\/wp-content\/uploads\/2025\/07\/cropped-cropped-g910.png\",\"contentUrl\":\"https:\/\/www.mpppst.gob.ve\/mpppstweb\/wp-content\/uploads\/2025\/07\/cropped-cropped-g910.png\",\"width\":1080,\"height\":241,\"caption\":\"mpppst\"},\"image\":{\"@id\":\"https:\/\/www.mpppst.gob.ve\/mpppstweb\/#\/schema\/logo\/image\/\"}}]}<\/script>\n<!-- \/ Yoast SEO plugin. -->","yoast_head_json":{"title":"Ministerio del Poder Popular para el Proceso Social de Trabajo - MPPPST","robots":{"index":"index","follow":"follow","max-snippet":"max-snippet:-1","max-image-preview":"max-image-preview:large","max-video-preview":"max-video-preview:-1"},"canonical":"https:\/\/www.mpppst.gob.ve\/mpppstweb\/index.php\/ministerio\/","og_locale":"es_ES","og_type":"article","og_title":"Ministerio del Poder Popular para el Proceso Social de Trabajo - MPPPST","og_description":"Es el encargado de la gesti\u00f3n de las pol\u00edticas del Poder Ejecutivo nacional en materia de &hellip; Ministerio del Poder Popular para el Proceso Social de TrabajoRead more","og_url":"https:\/\/www.mpppst.gob.ve\/mpppstweb\/index.php\/ministerio\/","og_site_name":"MPPPST","article_modified_time":"2025-06-16T22:21:19+00:00","twitter_card":"summary_large_image","twitter_misc":{"Tiempo de lectura":"6 minutos"},"schema":{"@context":"https:\/\/schema.org","@graph":[{"@type":"WebPage","@id":"https:\/\/www.mpppst.gob.ve\/mpppstweb\/index.php\/ministerio\/","url":"https:\/\/www.mpppst.gob.ve\/mpppstweb\/index.php\/ministerio\/","name":"Ministerio del Poder Popular para el Proceso Social de Trabajo - MPPPST","isPartOf":{"@id":"https:\/\/www.mpppst.gob.ve\/mpppstweb\/#website"},"datePublished":"2014-03-11T15:01:57+00:00","dateModified":"2025-06-16T22:21:19+00:00","breadcrumb":{"@id":"https:\/\/www.mpppst.gob.ve\/mpppstweb\/index.php\/ministerio\/#breadcrumb"},"inLanguage":"es","potentialAction":[{"@type":"ReadAction","target":["https:\/\/www.mpppst.gob.ve\/mpppstweb\/index.php\/ministerio\/"]}]},{"@type":"BreadcrumbList","@id":"https:\/\/www.mpppst.gob.ve\/mpppstweb\/index.php\/ministerio\/#breadcrumb","itemListElement":[{"@type":"ListItem","position":1,"name":"Home","item":"https:\/\/www.mpppst.gob.ve\/mpppstweb\/"},{"@type":"ListItem","position":2,"name":"Ministerio del Poder Popular para el Proceso Social de Trabajo"}]},{"@type":"WebSite","@id":"https:\/\/www.mpppst.gob.ve\/mpppstweb\/#website","url":"https:\/\/www.mpppst.gob.ve\/mpppstweb\/","name":"MPPPST","description":"Ministerio del Poder Popular para el Proceso Social de Trabajo","publisher":{"@id":"https:\/\/www.mpppst.gob.ve\/mpppstweb\/#organization"},"potentialAction":[{"@type":"SearchAction","target":{"@type":"EntryPoint","urlTemplate":"https:\/\/www.mpppst.gob.ve\/mpppstweb\/?s={search_term_string}"},"query-input":"required name=search_term_string"}],"inLanguage":"es"},{"@type":"Organization","@id":"https:\/\/www.mpppst.gob.ve\/mpppstweb\/#organization","name":"mpppst","url":"https:\/\/www.mpppst.gob.ve\/mpppstweb\/","logo":{"@type":"ImageObject","inLanguage":"es","@id":"https:\/\/www.mpppst.gob.ve\/mpppstweb\/#\/schema\/logo\/image\/","url":"https:\/\/www.mpppst.gob.ve\/mpppstweb\/wp-content\/uploads\/2025\/07\/cropped-cropped-g910.png","contentUrl":"https:\/\/www.mpppst.gob.ve\/mpppstweb\/wp-content\/uploads\/2025\/07\/cropped-cropped-g910.png","width":1080,"height":241,"caption":"mpppst"},"image":{"@id":"https:\/\/www.mpppst.gob.ve\/mpppstweb\/#\/schema\/logo\/image\/"}}]}},"_links":{"self":[{"href":"https:\/\/www.mpppst.gob.ve\/mpppstweb\/index.php\/wp-json\/wp\/v2\/pages\/5508"}],"collection":[{"href":"https:\/\/www.mpppst.gob.ve\/mpppstweb\/index.php\/wp-json\/wp\/v2\/pages"}],"about":[{"href":"https:\/\/www.mpppst.gob.ve\/mpppstweb\/index.php\/wp-json\/wp\/v2\/types\/page"}],"author":[{"embeddable":true,"href":"https:\/\/www.mpppst.gob.ve\/mpppstweb\/index.php\/wp-json\/wp\/v2\/users\/25"}],"replies":[{"embeddable":true,"href":"https:\/\/www.mpppst.gob.ve\/mpppstweb\/index.php\/wp-json\/wp\/v2\/comments?post=5508"}],"version-history":[{"count":34,"href":"https:\/\/www.mpppst.gob.ve\/mpppstweb\/index.php\/wp-json\/wp\/v2\/pages\/5508\/revisions"}],"predecessor-version":[{"id":27299,"href":"https:\/\/www.mpppst.gob.ve\/mpppstweb\/index.php\/wp-json\/wp\/v2\/pages\/5508\/revisions\/27299"}],"wp:attachment":[{"href":"https:\/\/www.mpppst.gob.ve\/mpppstweb\/index.php\/wp-json\/wp\/v2\/media?parent=5508"}],"curies":[{"name":"wp","href":"https:\/\/api.w.org\/{rel}","templated":true}]}}