{"id":5836,"date":"2016-06-14T17:51:03","date_gmt":"2016-06-14T17:51:03","guid":{"rendered":"http:\/\/www.mpppst.gob.ve\/mpppstweb\/?page_id=5836"},"modified":"2024-12-28T22:26:25","modified_gmt":"2024-12-29T02:26:25","slug":"reglamentos","status":"publish","type":"page","link":"https:\/\/www.mpppst.gob.ve\/mpppstweb\/index.php\/reglamentos\/","title":{"rendered":"Reglamentos"},"content":{"rendered":"<ul>\n<li><a href=\"http:\/\/www.mpppst.gob.ve\/mpppstweb\/wp-content\/uploads\/2024\/12\/1_5152204470058222725_241228_165355-1.pdf\">Decreto N\u00b0 \u00a05.070 sobre la inamovilidad laboral. Gaceta Oficial N\u00b0 \u00a06.868 Extraordinario\u00a0<\/a><\/li>\n<li><a href=\"\/mpppstweb\/wp-content\/uploads\/2014\/04\/reglamento_parcial_LOTTT_Gaceta_OficialN_40157.pdf\">Reglamento Parcial del Decreto con Rango, Valor y Fuerza de la Ley Org\u00e1nica del Trabajo, los Trabajadores y las Trabajadoras, Sobre el Tiempo de Trabajo<\/a><\/li>\n<li><a href=\"\/mpppstweb\/wp-content\/uploads\/2014\/03\/REGLAMENTO_GENERAL_DE_LA_LEY_DE_CARRERA_ADMINISTRATIVA.pdf\">Reglamento de la Ley de Carrera Administrativa<\/a><\/li>\n<li><a href=\"\/mpppstweb\/wp-content\/uploads\/2014\/03\/REGLAMENTO_PARCIAL_DE_LA_-LEY_ORGANICA_DE_PREVENCION_CONDICIONES_Y_MEDIO_AMBIENTE_DE_TRABAJO1.pdf\">Reglamento Parcial de la Ley Org\u00e1nica de Prevenci\u00f3n, Condiciones y Medio Ambiente de Trabajo<\/a><\/li>\n<li><a href=\"\/mpppstweb\/wp-content\/uploads\/2014\/03\/REFORMA_PARCIAL_DEL_REGLAMENTO_DE_LAS_CONDICIONES_DE_HIGIENE_Y_SEGURIDAD_EN_EL_TRABAJO.pdf\">Reforma Parcial del Reglamento de las Condiciones de Higiene y Seguridad en el Trabajo Decreto N\u00b0 1.564 (31\/12\/1.973), Decreto N\u00b0 1.290 (18\/12\/1.968)<\/a><\/li>\n<li><a href=\"\/mpppstweb\/wp-content\/uploads\/2016\/07\/Decreto-sobre-Organizacion-General-AP.pdf\" target=\"_blank\" rel=\"noopener\">Decreto sobre Organizaci\u00f3n General de la de la Administraci\u00f3n P\u00fablica Nacional<\/a><\/li>\n<li><a href=\"\/mpppstweb\/wp-content\/uploads\/2016\/07\/Reglamento-de-la-Ley-de-Alimentaci\u00f3n-para-los-Trabajadores-y-Trabajadoras.pdf\" target=\"_blank\" rel=\"noopener\">Reglamento de la Ley de Alimentaci\u00f3n para los Trabajadores y Trabajadoras<\/a><\/li>\n<\/ul>\n","protected":false},"excerpt":{"rendered":"<p>Decreto N\u00b0 \u00a05.070 sobre la inamovilidad laboral. Gaceta Oficial N\u00b0 \u00a06.868 Extraordinario\u00a0 Reglamento Parcial del Decreto &hellip; <a title=\"Reglamentos\" class=\"hm-read-more\" href=\"https:\/\/www.mpppst.gob.ve\/mpppstweb\/index.php\/reglamentos\/\"><span class=\"screen-reader-text\">Reglamentos<\/span>Read more<\/a><\/p>\n","protected":false},"author":25,"featured_media":0,"parent":0,"menu_order":0,"comment_status":"closed","ping_status":"closed","template":"","meta":{"footnotes":""},"yoast_head":"<!-- This site is optimized with the Yoast SEO plugin v22.5 - https:\/\/yoast.com\/wordpress\/plugins\/seo\/ -->\n<title>Reglamentos - MPPPST<\/title>\n<meta name=\"robots\" content=\"index, follow, max-snippet:-1, max-image-preview:large, max-video-preview:-1\" \/>\n<link rel=\"canonical\" href=\"https:\/\/www.mpppst.gob.ve\/mpppstweb\/index.php\/reglamentos\/\" \/>\n<meta property=\"og:locale\" content=\"es_ES\" \/>\n<meta property=\"og:type\" content=\"article\" \/>\n<meta property=\"og:title\" content=\"Reglamentos - MPPPST\" \/>\n<meta property=\"og:description\" content=\"Decreto N\u00b0 \u00a05.070 sobre la inamovilidad laboral. Gaceta Oficial N\u00b0 \u00a06.868 Extraordinario\u00a0 Reglamento Parcial del Decreto &hellip; ReglamentosRead more\" \/>\n<meta property=\"og:url\" content=\"https:\/\/www.mpppst.gob.ve\/mpppstweb\/index.php\/reglamentos\/\" \/>\n<meta property=\"og:site_name\" content=\"MPPPST\" \/>\n<meta property=\"article:modified_time\" content=\"2024-12-29T02:26:25+00:00\" \/>\n<meta name=\"twitter:card\" content=\"summary_large_image\" \/>\n<meta name=\"twitter:label1\" content=\"Tiempo de lectura\" \/>\n\t<meta name=\"twitter:data1\" content=\"1 minuto\" \/>\n<script type=\"application\/ld+json\" class=\"yoast-schema-graph\">{\"@context\":\"https:\/\/schema.org\",\"@graph\":[{\"@type\":\"WebPage\",\"@id\":\"https:\/\/www.mpppst.gob.ve\/mpppstweb\/index.php\/reglamentos\/\",\"url\":\"https:\/\/www.mpppst.gob.ve\/mpppstweb\/index.php\/reglamentos\/\",\"name\":\"Reglamentos - MPPPST\",\"isPartOf\":{\"@id\":\"https:\/\/www.mpppst.gob.ve\/mpppstweb\/#website\"},\"datePublished\":\"2016-06-14T17:51:03+00:00\",\"dateModified\":\"2024-12-29T02:26:25+00:00\",\"breadcrumb\":{\"@id\":\"https:\/\/www.mpppst.gob.ve\/mpppstweb\/index.php\/reglamentos\/#breadcrumb\"},\"inLanguage\":\"es\",\"potentialAction\":[{\"@type\":\"ReadAction\",\"target\":[\"https:\/\/www.mpppst.gob.ve\/mpppstweb\/index.php\/reglamentos\/\"]}]},{\"@type\":\"BreadcrumbList\",\"@id\":\"https:\/\/www.mpppst.gob.ve\/mpppstweb\/index.php\/reglamentos\/#breadcrumb\",\"itemListElement\":[{\"@type\":\"ListItem\",\"position\":1,\"name\":\"Home\",\"item\":\"https:\/\/www.mpppst.gob.ve\/mpppstweb\/\"},{\"@type\":\"ListItem\",\"position\":2,\"name\":\"Reglamentos\"}]},{\"@type\":\"WebSite\",\"@id\":\"https:\/\/www.mpppst.gob.ve\/mpppstweb\/#website\",\"url\":\"https:\/\/www.mpppst.gob.ve\/mpppstweb\/\",\"name\":\"MPPPST\",\"description\":\"Ministerio del Poder Popular para el Proceso Social de Trabajo\",\"publisher\":{\"@id\":\"https:\/\/www.mpppst.gob.ve\/mpppstweb\/#organization\"},\"potentialAction\":[{\"@type\":\"SearchAction\",\"target\":{\"@type\":\"EntryPoint\",\"urlTemplate\":\"https:\/\/www.mpppst.gob.ve\/mpppstweb\/?s={search_term_string}\"},\"query-input\":\"required name=search_term_string\"}],\"inLanguage\":\"es\"},{\"@type\":\"Organization\",\"@id\":\"https:\/\/www.mpppst.gob.ve\/mpppstweb\/#organization\",\"name\":\"mpppst\",\"url\":\"https:\/\/www.mpppst.gob.ve\/mpppstweb\/\",\"logo\":{\"@type\":\"ImageObject\",\"inLanguage\":\"es\",\"@id\":\"https:\/\/www.mpppst.gob.ve\/mpppstweb\/#\/schema\/logo\/image\/\",\"url\":\"https:\/\/www.mpppst.gob.ve\/mpppstweb\/wp-content\/uploads\/2025\/07\/cropped-cropped-g910.png\",\"contentUrl\":\"https:\/\/www.mpppst.gob.ve\/mpppstweb\/wp-content\/uploads\/2025\/07\/cropped-cropped-g910.png\",\"width\":1080,\"height\":241,\"caption\":\"mpppst\"},\"image\":{\"@id\":\"https:\/\/www.mpppst.gob.ve\/mpppstweb\/#\/schema\/logo\/image\/\"}}]}<\/script>\n<!-- \/ Yoast SEO plugin. -->","yoast_head_json":{"title":"Reglamentos - MPPPST","robots":{"index":"index","follow":"follow","max-snippet":"max-snippet:-1","max-image-preview":"max-image-preview:large","max-video-preview":"max-video-preview:-1"},"canonical":"https:\/\/www.mpppst.gob.ve\/mpppstweb\/index.php\/reglamentos\/","og_locale":"es_ES","og_type":"article","og_title":"Reglamentos - MPPPST","og_description":"Decreto N\u00b0 \u00a05.070 sobre la inamovilidad laboral. Gaceta Oficial N\u00b0 \u00a06.868 Extraordinario\u00a0 Reglamento Parcial del Decreto &hellip; ReglamentosRead more","og_url":"https:\/\/www.mpppst.gob.ve\/mpppstweb\/index.php\/reglamentos\/","og_site_name":"MPPPST","article_modified_time":"2024-12-29T02:26:25+00:00","twitter_card":"summary_large_image","twitter_misc":{"Tiempo de lectura":"1 minuto"},"schema":{"@context":"https:\/\/schema.org","@graph":[{"@type":"WebPage","@id":"https:\/\/www.mpppst.gob.ve\/mpppstweb\/index.php\/reglamentos\/","url":"https:\/\/www.mpppst.gob.ve\/mpppstweb\/index.php\/reglamentos\/","name":"Reglamentos - MPPPST","isPartOf":{"@id":"https:\/\/www.mpppst.gob.ve\/mpppstweb\/#website"},"datePublished":"2016-06-14T17:51:03+00:00","dateModified":"2024-12-29T02:26:25+00:00","breadcrumb":{"@id":"https:\/\/www.mpppst.gob.ve\/mpppstweb\/index.php\/reglamentos\/#breadcrumb"},"inLanguage":"es","potentialAction":[{"@type":"ReadAction","target":["https:\/\/www.mpppst.gob.ve\/mpppstweb\/index.php\/reglamentos\/"]}]},{"@type":"BreadcrumbList","@id":"https:\/\/www.mpppst.gob.ve\/mpppstweb\/index.php\/reglamentos\/#breadcrumb","itemListElement":[{"@type":"ListItem","position":1,"name":"Home","item":"https:\/\/www.mpppst.gob.ve\/mpppstweb\/"},{"@type":"ListItem","position":2,"name":"Reglamentos"}]},{"@type":"WebSite","@id":"https:\/\/www.mpppst.gob.ve\/mpppstweb\/#website","url":"https:\/\/www.mpppst.gob.ve\/mpppstweb\/","name":"MPPPST","description":"Ministerio del Poder Popular para el Proceso Social de Trabajo","publisher":{"@id":"https:\/\/www.mpppst.gob.ve\/mpppstweb\/#organization"},"potentialAction":[{"@type":"SearchAction","target":{"@type":"EntryPoint","urlTemplate":"https:\/\/www.mpppst.gob.ve\/mpppstweb\/?s={search_term_string}"},"query-input":"required name=search_term_string"}],"inLanguage":"es"},{"@type":"Organization","@id":"https:\/\/www.mpppst.gob.ve\/mpppstweb\/#organization","name":"mpppst","url":"https:\/\/www.mpppst.gob.ve\/mpppstweb\/","logo":{"@type":"ImageObject","inLanguage":"es","@id":"https:\/\/www.mpppst.gob.ve\/mpppstweb\/#\/schema\/logo\/image\/","url":"https:\/\/www.mpppst.gob.ve\/mpppstweb\/wp-content\/uploads\/2025\/07\/cropped-cropped-g910.png","contentUrl":"https:\/\/www.mpppst.gob.ve\/mpppstweb\/wp-content\/uploads\/2025\/07\/cropped-cropped-g910.png","width":1080,"height":241,"caption":"mpppst"},"image":{"@id":"https:\/\/www.mpppst.gob.ve\/mpppstweb\/#\/schema\/logo\/image\/"}}]}},"_links":{"self":[{"href":"https:\/\/www.mpppst.gob.ve\/mpppstweb\/index.php\/wp-json\/wp\/v2\/pages\/5836"}],"collection":[{"href":"https:\/\/www.mpppst.gob.ve\/mpppstweb\/index.php\/wp-json\/wp\/v2\/pages"}],"about":[{"href":"https:\/\/www.mpppst.gob.ve\/mpppstweb\/index.php\/wp-json\/wp\/v2\/types\/page"}],"author":[{"embeddable":true,"href":"https:\/\/www.mpppst.gob.ve\/mpppstweb\/index.php\/wp-json\/wp\/v2\/users\/25"}],"replies":[{"embeddable":true,"href":"https:\/\/www.mpppst.gob.ve\/mpppstweb\/index.php\/wp-json\/wp\/v2\/comments?post=5836"}],"version-history":[{"count":6,"href":"https:\/\/www.mpppst.gob.ve\/mpppstweb\/index.php\/wp-json\/wp\/v2\/pages\/5836\/revisions"}],"predecessor-version":[{"id":26907,"href":"https:\/\/www.mpppst.gob.ve\/mpppstweb\/index.php\/wp-json\/wp\/v2\/pages\/5836\/revisions\/26907"}],"wp:attachment":[{"href":"https:\/\/www.mpppst.gob.ve\/mpppstweb\/index.php\/wp-json\/wp\/v2\/media?parent=5836"}],"curies":[{"name":"wp","href":"https:\/\/api.w.org\/{rel}","templated":true}]}}