{"id":6173,"date":"2016-06-21T18:22:07","date_gmt":"2016-06-21T18:22:07","guid":{"rendered":"http:\/\/www.mpppst.gob.ve\/mpppstweb\/?page_id=6173"},"modified":"2025-08-14T14:47:04","modified_gmt":"2025-08-14T18:47:04","slug":"serviciofuncionario","status":"publish","type":"page","link":"https:\/\/www.mpppst.gob.ve\/mpppstweb\/index.php\/serviciofuncionario\/","title":{"rendered":"Servicio al Funcionario"},"content":{"rendered":"\n<div class=\"wp-block-group is-layout-constrained wp-block-group-is-layout-constrained\"><div class=\"wp-block-group__inner-container\">\n<div class=\"wp-block-columns is-layout-flex wp-container-12 wp-block-columns-is-layout-flex\">\n<div class=\"wp-block-column is-layout-flow wp-block-column-is-layout-flow\" style=\"flex-basis:100%\">\n<p><\/p>\n\n\n\n<div class=\"wp-block-group has-vivid-cyan-blue-color has-white-background-color has-text-color has-background has-medium-font-size is-layout-constrained wp-block-group-is-layout-constrained\"><div class=\"wp-block-group__inner-container\">\n<div class=\"wp-block-columns is-layout-flex wp-container-9 wp-block-columns-is-layout-flex\">\n<div class=\"wp-block-column is-layout-flow wp-block-column-is-layout-flow\" style=\"flex-basis:100%\">\n<div class=\"wp-block-group is-vertical is-content-justification-center is-layout-flex wp-container-7 wp-block-group-is-layout-flex\">\n<div class=\"wp-block-columns is-layout-flex wp-container-6 wp-block-columns-is-layout-flex\">\n<div class=\"wp-block-column is-layout-flow wp-block-column-is-layout-flow\" style=\"flex-basis:100%\">\n<div class=\"wp-block-group alignwide is-layout-constrained wp-block-group-is-layout-constrained\"><div class=\"wp-block-group__inner-container\">\n<div class=\"wp-block-columns alignfull are-vertically-aligned-center is-layout-flex wp-container-3 wp-block-columns-is-layout-flex\">\n<div class=\"wp-block-column is-vertically-aligned-center is-layout-flow wp-block-column-is-layout-flow\" style=\"flex-basis:100%\">\n<div class=\"wp-block-group is-nowrap is-layout-flex wp-container-1 wp-block-group-is-layout-flex\">\n<figure class=\"wp-block-table is-style-stripes\"><table><tbody><tr><td class=\"has-text-align-center\" data-align=\"center\"><a href=\"http:\/\/ext.mpppst.gob.ve\/minpptrassi\/mod_login\/login.php\" target=\"_blank\" rel=\"noopener noreferrer\"> <strong>SISTEMA DE INFORMACI\u00d3N DE GESTI\u00d3N LABORAL (SIGLA) <\/strong> <\/a><\/td><\/tr><tr><td class=\"has-text-align-center\" data-align=\"center\"><a href=\"http:\/\/ext.mpppst.gob.ve\/minpptrassi\/mod_login\/login.php\"> <img decoding=\"async\" loading=\"lazy\" width=\"768\" height=\"768\" class=\"wp-image-27609\" style=\"width: 350px;\" src=\"http:\/\/www.mpppst.gob.ve\/mpppstweb\/wp-content\/uploads\/2025\/08\/image1-6-1.png\" alt=\"\" srcset=\"https:\/\/www.mpppst.gob.ve\/mpppstweb\/wp-content\/uploads\/2025\/08\/image1-6-1.png 768w, https:\/\/www.mpppst.gob.ve\/mpppstweb\/wp-content\/uploads\/2025\/08\/image1-6-1-300x300.png 300w, https:\/\/www.mpppst.gob.ve\/mpppstweb\/wp-content\/uploads\/2025\/08\/image1-6-1-150x150.png 150w\" sizes=\"(max-width: 768px) 100vw, 768px\" \/> <\/a><\/td><\/tr><tr><td class=\"has-text-align-center\" data-align=\"center\"><a href=\"https:\/\/correo.mpppst.gob.ve\/mail\" target=\"_blank\" rel=\"noopener noreferrer\"> <strong>CORREO INSTITUCIONAL<\/strong> <\/a><\/td><\/tr><tr><td class=\"has-text-align-center\" data-align=\"center\"><a href=\"https:\/\/correo.mpppst.gob.ve\/mail\"> <img decoding=\"async\" loading=\"lazy\" width=\"484\" height=\"457\" class=\"wp-image-27320\" style=\"width: 500px;\" src=\"http:\/\/www.mpppst.gob.ve\/mpppstweb\/wp-content\/uploads\/2025\/06\/WhatsApp-Image-2025-06-17-at-12.33.52-PM.jpeg\" alt=\"\" srcset=\"https:\/\/www.mpppst.gob.ve\/mpppstweb\/wp-content\/uploads\/2025\/06\/WhatsApp-Image-2025-06-17-at-12.33.52-PM.jpeg 484w, https:\/\/www.mpppst.gob.ve\/mpppstweb\/wp-content\/uploads\/2025\/06\/WhatsApp-Image-2025-06-17-at-12.33.52-PM-300x283.jpeg 300w\" sizes=\"(max-width: 484px) 100vw, 484px\" \/> <\/a><\/td><\/tr><tr><td class=\"has-text-align-center\" data-align=\"center\"><a href=\"http:\/\/ext.mpppst.gob.ve\/gestion\/login.php\" target=\"_blank\" rel=\"noopener noreferrer\">SISTEMA DE INFORMACI\u00d3N DE INSOLVENCIA (SIRIS)<\/a><\/td><\/tr><tr><td class=\"has-text-align-center\" data-align=\"center\"><a href=\"http:\/\/ext.mpppst.gob.ve\/gestion\/login.php\" data-wplink-edit=\"true\"> <img decoding=\"async\" loading=\"lazy\" class=\"aligncenter size-full wp-image-27080\" src=\"http:\/\/www.mpppst.gob.ve\/mpppstweb\/wp-content\/uploads\/2025\/05\/image270.png\" alt=\"\" width=\"350\" height=\"350\" srcset=\"https:\/\/www.mpppst.gob.ve\/mpppstweb\/wp-content\/uploads\/2025\/05\/image270.png 1129w, https:\/\/www.mpppst.gob.ve\/mpppstweb\/wp-content\/uploads\/2025\/05\/image270-300x300.png 300w, https:\/\/www.mpppst.gob.ve\/mpppstweb\/wp-content\/uploads\/2025\/05\/image270-1024x1024.png 1024w, https:\/\/www.mpppst.gob.ve\/mpppstweb\/wp-content\/uploads\/2025\/05\/image270-150x150.png 150w, https:\/\/www.mpppst.gob.ve\/mpppstweb\/wp-content\/uploads\/2025\/05\/image270-768x768.png 768w\" sizes=\"(max-width: 350px) 100vw, 350px\" \/> <\/a><\/td><\/tr><tr><td class=\"has-text-align-center\" data-align=\"center\"><a href=\"http:\/\/requerimientos.mpppst.gob.ve\/glpi\">REQUERIMIENTOS OTIC (GLPI)<\/a><\/td><\/tr><tr><td class=\"has-text-align-center\" data-align=\"center\"><a href=\"http:\/\/requerimientos.mpppst.gob.ve\/glpi\"> <img decoding=\"async\" loading=\"lazy\" class=\"aligncenter size-full wp-image-27076\" src=\"http:\/\/www.mpppst.gob.ve\/mpppstweb\/wp-content\/uploads\/2025\/05\/image1-6.png\" alt=\"\" width=\"350\" height=\"350\" srcset=\"https:\/\/www.mpppst.gob.ve\/mpppstweb\/wp-content\/uploads\/2025\/05\/image1-6.png 1122w, https:\/\/www.mpppst.gob.ve\/mpppstweb\/wp-content\/uploads\/2025\/05\/image1-6-300x300.png 300w, https:\/\/www.mpppst.gob.ve\/mpppstweb\/wp-content\/uploads\/2025\/05\/image1-6-1024x1024.png 1024w, https:\/\/www.mpppst.gob.ve\/mpppstweb\/wp-content\/uploads\/2025\/05\/image1-6-150x150.png 150w, https:\/\/www.mpppst.gob.ve\/mpppstweb\/wp-content\/uploads\/2025\/05\/image1-6-768x768.png 768w\" sizes=\"(max-width: 350px) 100vw, 350px\" \/> <\/a><\/td><\/tr><tr><td class=\"has-text-align-center\" data-align=\"center\"><a href=\"http:\/\/ext.mpppst.gob.ve\/sindicato\/mod_login\/login.php\">REGISTRO NACIONAL DE ORGANIZACIONES SINDICALES (RNOS)<\/a><\/td><\/tr><tr><td class=\"has-text-align-center\" data-align=\"center\"><a href=\"http:\/\/ext.mpppst.gob.ve\/sindicato\/mod_login\/login.php\"> <img decoding=\"async\" loading=\"lazy\" class=\"aligncenter size-full wp-image-27082\" src=\"http:\/\/www.mpppst.gob.ve\/mpppstweb\/wp-content\/uploads\/2025\/05\/rect737.png\" alt=\"\" width=\"350\" height=\"350\" srcset=\"https:\/\/www.mpppst.gob.ve\/mpppstweb\/wp-content\/uploads\/2025\/05\/rect737.png 1129w, https:\/\/www.mpppst.gob.ve\/mpppstweb\/wp-content\/uploads\/2025\/05\/rect737-300x300.png 300w, https:\/\/www.mpppst.gob.ve\/mpppstweb\/wp-content\/uploads\/2025\/05\/rect737-1024x1024.png 1024w, https:\/\/www.mpppst.gob.ve\/mpppstweb\/wp-content\/uploads\/2025\/05\/rect737-150x150.png 150w, https:\/\/www.mpppst.gob.ve\/mpppstweb\/wp-content\/uploads\/2025\/05\/rect737-768x768.png 768w\" sizes=\"(max-width: 350px) 100vw, 350px\" \/> <\/a><\/td><\/tr><\/tbody><\/table><\/figure>\n<\/div>\n<\/div>\n<\/div>\n<\/div><\/div>\n<\/div>\n<\/div>\n<\/div>\n<\/div>\n<\/div>\n<\/div><\/div>\n<\/div>\n<\/div>\n<\/div><\/div>\n\n\n\n<figure class=\"wp-block-gallery has-nested-images columns-default is-cropped wp-block-gallery-14 is-layout-flex wp-block-gallery-is-layout-flex\"><\/figure>\n","protected":false},"excerpt":{"rendered":"<p>SISTEMA DE INFORMACI\u00d3N DE GESTI\u00d3N LABORAL (SIGLA) CORREO INSTITUCIONAL SISTEMA DE INFORMACI\u00d3N DE INSOLVENCIA (SIRIS) REQUERIMIENTOS &hellip; <a title=\"Servicio al Funcionario\" class=\"hm-read-more\" href=\"https:\/\/www.mpppst.gob.ve\/mpppstweb\/index.php\/serviciofuncionario\/\"><span class=\"screen-reader-text\">Servicio al Funcionario<\/span>Read more<\/a><\/p>\n","protected":false},"author":138,"featured_media":0,"parent":0,"menu_order":0,"comment_status":"closed","ping_status":"closed","template":"","meta":{"footnotes":""},"yoast_head":"<!-- This site is optimized with the Yoast SEO plugin v22.5 - https:\/\/yoast.com\/wordpress\/plugins\/seo\/ -->\n<title>Servicio al Funcionario - MPPPST<\/title>\n<meta name=\"robots\" content=\"index, follow, max-snippet:-1, max-image-preview:large, max-video-preview:-1\" \/>\n<link rel=\"canonical\" href=\"https:\/\/www.mpppst.gob.ve\/mpppstweb\/index.php\/serviciofuncionario\/\" \/>\n<meta property=\"og:locale\" content=\"es_ES\" \/>\n<meta property=\"og:type\" content=\"article\" \/>\n<meta property=\"og:title\" content=\"Servicio al Funcionario - MPPPST\" \/>\n<meta property=\"og:description\" content=\"SISTEMA DE INFORMACI\u00d3N DE GESTI\u00d3N LABORAL (SIGLA) CORREO INSTITUCIONAL SISTEMA DE INFORMACI\u00d3N DE INSOLVENCIA (SIRIS) REQUERIMIENTOS &hellip; Servicio al FuncionarioRead more\" \/>\n<meta property=\"og:url\" content=\"https:\/\/www.mpppst.gob.ve\/mpppstweb\/index.php\/serviciofuncionario\/\" \/>\n<meta property=\"og:site_name\" content=\"MPPPST\" \/>\n<meta property=\"article:modified_time\" content=\"2025-08-14T18:47:04+00:00\" \/>\n<meta property=\"og:image\" content=\"http:\/\/www.mpppst.gob.ve\/mpppstweb\/wp-content\/uploads\/2025\/08\/image1-6-1.png\" \/>\n<meta name=\"twitter:card\" content=\"summary_large_image\" \/>\n<meta name=\"twitter:label1\" content=\"Tiempo de lectura\" \/>\n\t<meta name=\"twitter:data1\" content=\"2 minutos\" \/>\n<script type=\"application\/ld+json\" class=\"yoast-schema-graph\">{\"@context\":\"https:\/\/schema.org\",\"@graph\":[{\"@type\":\"WebPage\",\"@id\":\"https:\/\/www.mpppst.gob.ve\/mpppstweb\/index.php\/serviciofuncionario\/\",\"url\":\"https:\/\/www.mpppst.gob.ve\/mpppstweb\/index.php\/serviciofuncionario\/\",\"name\":\"Servicio al Funcionario - MPPPST\",\"isPartOf\":{\"@id\":\"https:\/\/www.mpppst.gob.ve\/mpppstweb\/#website\"},\"primaryImageOfPage\":{\"@id\":\"https:\/\/www.mpppst.gob.ve\/mpppstweb\/index.php\/serviciofuncionario\/#primaryimage\"},\"image\":{\"@id\":\"https:\/\/www.mpppst.gob.ve\/mpppstweb\/index.php\/serviciofuncionario\/#primaryimage\"},\"thumbnailUrl\":\"http:\/\/www.mpppst.gob.ve\/mpppstweb\/wp-content\/uploads\/2025\/08\/image1-6-1.png\",\"datePublished\":\"2016-06-21T18:22:07+00:00\",\"dateModified\":\"2025-08-14T18:47:04+00:00\",\"breadcrumb\":{\"@id\":\"https:\/\/www.mpppst.gob.ve\/mpppstweb\/index.php\/serviciofuncionario\/#breadcrumb\"},\"inLanguage\":\"es\",\"potentialAction\":[{\"@type\":\"ReadAction\",\"target\":[\"https:\/\/www.mpppst.gob.ve\/mpppstweb\/index.php\/serviciofuncionario\/\"]}]},{\"@type\":\"ImageObject\",\"inLanguage\":\"es\",\"@id\":\"https:\/\/www.mpppst.gob.ve\/mpppstweb\/index.php\/serviciofuncionario\/#primaryimage\",\"url\":\"https:\/\/www.mpppst.gob.ve\/mpppstweb\/wp-content\/uploads\/2025\/08\/image1-6-1.png\",\"contentUrl\":\"https:\/\/www.mpppst.gob.ve\/mpppstweb\/wp-content\/uploads\/2025\/08\/image1-6-1.png\",\"width\":768,\"height\":768},{\"@type\":\"BreadcrumbList\",\"@id\":\"https:\/\/www.mpppst.gob.ve\/mpppstweb\/index.php\/serviciofuncionario\/#breadcrumb\",\"itemListElement\":[{\"@type\":\"ListItem\",\"position\":1,\"name\":\"Home\",\"item\":\"https:\/\/www.mpppst.gob.ve\/mpppstweb\/\"},{\"@type\":\"ListItem\",\"position\":2,\"name\":\"Servicio al Funcionario\"}]},{\"@type\":\"WebSite\",\"@id\":\"https:\/\/www.mpppst.gob.ve\/mpppstweb\/#website\",\"url\":\"https:\/\/www.mpppst.gob.ve\/mpppstweb\/\",\"name\":\"MPPPST\",\"description\":\"Ministerio del Poder Popular para el Proceso Social de Trabajo\",\"publisher\":{\"@id\":\"https:\/\/www.mpppst.gob.ve\/mpppstweb\/#organization\"},\"potentialAction\":[{\"@type\":\"SearchAction\",\"target\":{\"@type\":\"EntryPoint\",\"urlTemplate\":\"https:\/\/www.mpppst.gob.ve\/mpppstweb\/?s={search_term_string}\"},\"query-input\":\"required name=search_term_string\"}],\"inLanguage\":\"es\"},{\"@type\":\"Organization\",\"@id\":\"https:\/\/www.mpppst.gob.ve\/mpppstweb\/#organization\",\"name\":\"mpppst\",\"url\":\"https:\/\/www.mpppst.gob.ve\/mpppstweb\/\",\"logo\":{\"@type\":\"ImageObject\",\"inLanguage\":\"es\",\"@id\":\"https:\/\/www.mpppst.gob.ve\/mpppstweb\/#\/schema\/logo\/image\/\",\"url\":\"https:\/\/www.mpppst.gob.ve\/mpppstweb\/wp-content\/uploads\/2025\/07\/cropped-cropped-g910.png\",\"contentUrl\":\"https:\/\/www.mpppst.gob.ve\/mpppstweb\/wp-content\/uploads\/2025\/07\/cropped-cropped-g910.png\",\"width\":1080,\"height\":241,\"caption\":\"mpppst\"},\"image\":{\"@id\":\"https:\/\/www.mpppst.gob.ve\/mpppstweb\/#\/schema\/logo\/image\/\"}}]}<\/script>\n<!-- \/ Yoast SEO plugin. -->","yoast_head_json":{"title":"Servicio al Funcionario - MPPPST","robots":{"index":"index","follow":"follow","max-snippet":"max-snippet:-1","max-image-preview":"max-image-preview:large","max-video-preview":"max-video-preview:-1"},"canonical":"https:\/\/www.mpppst.gob.ve\/mpppstweb\/index.php\/serviciofuncionario\/","og_locale":"es_ES","og_type":"article","og_title":"Servicio al Funcionario - MPPPST","og_description":"SISTEMA DE INFORMACI\u00d3N DE GESTI\u00d3N LABORAL (SIGLA) CORREO INSTITUCIONAL SISTEMA DE INFORMACI\u00d3N DE INSOLVENCIA (SIRIS) REQUERIMIENTOS &hellip; Servicio al FuncionarioRead more","og_url":"https:\/\/www.mpppst.gob.ve\/mpppstweb\/index.php\/serviciofuncionario\/","og_site_name":"MPPPST","article_modified_time":"2025-08-14T18:47:04+00:00","og_image":[{"url":"http:\/\/www.mpppst.gob.ve\/mpppstweb\/wp-content\/uploads\/2025\/08\/image1-6-1.png"}],"twitter_card":"summary_large_image","twitter_misc":{"Tiempo de lectura":"2 minutos"},"schema":{"@context":"https:\/\/schema.org","@graph":[{"@type":"WebPage","@id":"https:\/\/www.mpppst.gob.ve\/mpppstweb\/index.php\/serviciofuncionario\/","url":"https:\/\/www.mpppst.gob.ve\/mpppstweb\/index.php\/serviciofuncionario\/","name":"Servicio al Funcionario - MPPPST","isPartOf":{"@id":"https:\/\/www.mpppst.gob.ve\/mpppstweb\/#website"},"primaryImageOfPage":{"@id":"https:\/\/www.mpppst.gob.ve\/mpppstweb\/index.php\/serviciofuncionario\/#primaryimage"},"image":{"@id":"https:\/\/www.mpppst.gob.ve\/mpppstweb\/index.php\/serviciofuncionario\/#primaryimage"},"thumbnailUrl":"http:\/\/www.mpppst.gob.ve\/mpppstweb\/wp-content\/uploads\/2025\/08\/image1-6-1.png","datePublished":"2016-06-21T18:22:07+00:00","dateModified":"2025-08-14T18:47:04+00:00","breadcrumb":{"@id":"https:\/\/www.mpppst.gob.ve\/mpppstweb\/index.php\/serviciofuncionario\/#breadcrumb"},"inLanguage":"es","potentialAction":[{"@type":"ReadAction","target":["https:\/\/www.mpppst.gob.ve\/mpppstweb\/index.php\/serviciofuncionario\/"]}]},{"@type":"ImageObject","inLanguage":"es","@id":"https:\/\/www.mpppst.gob.ve\/mpppstweb\/index.php\/serviciofuncionario\/#primaryimage","url":"https:\/\/www.mpppst.gob.ve\/mpppstweb\/wp-content\/uploads\/2025\/08\/image1-6-1.png","contentUrl":"https:\/\/www.mpppst.gob.ve\/mpppstweb\/wp-content\/uploads\/2025\/08\/image1-6-1.png","width":768,"height":768},{"@type":"BreadcrumbList","@id":"https:\/\/www.mpppst.gob.ve\/mpppstweb\/index.php\/serviciofuncionario\/#breadcrumb","itemListElement":[{"@type":"ListItem","position":1,"name":"Home","item":"https:\/\/www.mpppst.gob.ve\/mpppstweb\/"},{"@type":"ListItem","position":2,"name":"Servicio al Funcionario"}]},{"@type":"WebSite","@id":"https:\/\/www.mpppst.gob.ve\/mpppstweb\/#website","url":"https:\/\/www.mpppst.gob.ve\/mpppstweb\/","name":"MPPPST","description":"Ministerio del Poder Popular para el Proceso Social de Trabajo","publisher":{"@id":"https:\/\/www.mpppst.gob.ve\/mpppstweb\/#organization"},"potentialAction":[{"@type":"SearchAction","target":{"@type":"EntryPoint","urlTemplate":"https:\/\/www.mpppst.gob.ve\/mpppstweb\/?s={search_term_string}"},"query-input":"required name=search_term_string"}],"inLanguage":"es"},{"@type":"Organization","@id":"https:\/\/www.mpppst.gob.ve\/mpppstweb\/#organization","name":"mpppst","url":"https:\/\/www.mpppst.gob.ve\/mpppstweb\/","logo":{"@type":"ImageObject","inLanguage":"es","@id":"https:\/\/www.mpppst.gob.ve\/mpppstweb\/#\/schema\/logo\/image\/","url":"https:\/\/www.mpppst.gob.ve\/mpppstweb\/wp-content\/uploads\/2025\/07\/cropped-cropped-g910.png","contentUrl":"https:\/\/www.mpppst.gob.ve\/mpppstweb\/wp-content\/uploads\/2025\/07\/cropped-cropped-g910.png","width":1080,"height":241,"caption":"mpppst"},"image":{"@id":"https:\/\/www.mpppst.gob.ve\/mpppstweb\/#\/schema\/logo\/image\/"}}]}},"_links":{"self":[{"href":"https:\/\/www.mpppst.gob.ve\/mpppstweb\/index.php\/wp-json\/wp\/v2\/pages\/6173"}],"collection":[{"href":"https:\/\/www.mpppst.gob.ve\/mpppstweb\/index.php\/wp-json\/wp\/v2\/pages"}],"about":[{"href":"https:\/\/www.mpppst.gob.ve\/mpppstweb\/index.php\/wp-json\/wp\/v2\/types\/page"}],"author":[{"embeddable":true,"href":"https:\/\/www.mpppst.gob.ve\/mpppstweb\/index.php\/wp-json\/wp\/v2\/users\/138"}],"replies":[{"embeddable":true,"href":"https:\/\/www.mpppst.gob.ve\/mpppstweb\/index.php\/wp-json\/wp\/v2\/comments?post=6173"}],"version-history":[{"count":90,"href":"https:\/\/www.mpppst.gob.ve\/mpppstweb\/index.php\/wp-json\/wp\/v2\/pages\/6173\/revisions"}],"predecessor-version":[{"id":27611,"href":"https:\/\/www.mpppst.gob.ve\/mpppstweb\/index.php\/wp-json\/wp\/v2\/pages\/6173\/revisions\/27611"}],"wp:attachment":[{"href":"https:\/\/www.mpppst.gob.ve\/mpppstweb\/index.php\/wp-json\/wp\/v2\/media?parent=6173"}],"curies":[{"name":"wp","href":"https:\/\/api.w.org\/{rel}","templated":true}]}}