{"id":8238,"date":"2016-08-17T19:43:48","date_gmt":"2016-08-17T19:43:48","guid":{"rendered":"http:\/\/www.mpppst.gob.ve\/mpppstweb\/?page_id=8238"},"modified":"2025-06-10T11:31:55","modified_gmt":"2025-06-10T15:31:55","slug":"contactanos","status":"publish","type":"page","link":"https:\/\/www.mpppst.gob.ve\/mpppstweb\/index.php\/contactanos\/","title":{"rendered":"Contactanos"},"content":{"rendered":"<p><strong><span style=\"color: #800000;\">Oficina de Atenci\u00f3n Ciudadana del MPPPST:<\/span><\/strong><\/p>\n<p><strong>correo:<\/strong> oacseguimiento@gmail.com<\/p>\n<p><span style=\"color: #800000;\"><strong>Ubicaci\u00f3n:<\/strong><\/span><\/p>\n<p><iframe loading=\"lazy\" style=\"border: 0;\" src=\"https:\/\/www.google.com\/maps\/embed?pb=!1m18!1m12!1m3!1d3922.912270974278!2d-66.9188457847447!3d10.50757589250429!2m3!1f0!2f0!3f0!3m2!1i1024!2i768!4f13.1!3m3!1m2!1s0x8c2a5ecf81de21bf%3A0x1ea82fcc88fe6799!2sMinisterio+del+Poder+Popular+para+el+Proceso+Social+de+Trabajo!5e0!3m2!1ses!2sve!4v1476969986716\" width=\"750\" height=\"500\" frameborder=\"0\" allowfullscreen=\"allowfullscreen\"><\/iframe><\/p>\n<p><span style=\"color: #800000;\"><strong>INCES:<\/strong><\/span><\/p>\n<p><strong>correo:<\/strong> emci.comunicaciones@gmail.com<\/p>\n<p><strong>Tel\u00e9fono:<\/strong> (0212) 603 70 05<\/p>\n<p><span style=\"color: #800000;\"><strong>INCRET:<\/strong><\/span><\/p>\n<p><strong>correo:<\/strong> presidenciaincret2024@gmail.com<\/p>\n<p><strong>Tel\u00e9fono:<\/strong> (0212) 942 16 16<\/p>\n<p><a href=\"https:\/\/www.inpsaseletica.gob.ve\/\"><span style=\"color: #800000;\"><strong>INPSASEL:<\/strong><\/span><\/a><\/p>\n<p><strong>correo:<\/strong> inpsasel@inpsaseletica.gob.ve<\/p>\n<p><strong>Tel\u00e9fono:<\/strong> 0800 INPSASEL\u00a0 (0800-4677273)<\/p>\n<p><strong>web:<\/strong> <a href=\"https:\/\/www.inpsaseletica.gob.ve\/\">https:\/\/www.inpsaseletica.gob.ve\/<\/a><\/p>\n<p><span style=\"color: #800000;\"><strong>TSS:<\/strong><\/span><\/p>\n<p><strong>Correo:<\/strong> vdps.cordinacion@gmail.com<\/p>\n<p><strong>Tel\u00e9fono:<\/strong> (0212) 705 34 11<\/p>\n","protected":false},"excerpt":{"rendered":"<p>Oficina de Atenci\u00f3n Ciudadana del MPPPST: correo: oacseguimiento@gmail.com Ubicaci\u00f3n: INCES: correo: emci.comunicaciones@gmail.com Tel\u00e9fono: (0212) 603 70 &hellip; <a title=\"Contactanos\" class=\"hm-read-more\" href=\"https:\/\/www.mpppst.gob.ve\/mpppstweb\/index.php\/contactanos\/\"><span class=\"screen-reader-text\">Contactanos<\/span>Read more<\/a><\/p>\n","protected":false},"author":25,"featured_media":0,"parent":0,"menu_order":0,"comment_status":"closed","ping_status":"closed","template":"","meta":{"footnotes":""},"yoast_head":"<!-- This site is optimized with the Yoast SEO plugin v22.5 - https:\/\/yoast.com\/wordpress\/plugins\/seo\/ -->\n<title>Contactanos - MPPPST<\/title>\n<meta name=\"robots\" content=\"index, follow, max-snippet:-1, max-image-preview:large, max-video-preview:-1\" \/>\n<link rel=\"canonical\" href=\"https:\/\/www.mpppst.gob.ve\/mpppstweb\/index.php\/contactanos\/\" \/>\n<meta property=\"og:locale\" content=\"es_ES\" \/>\n<meta property=\"og:type\" content=\"article\" \/>\n<meta property=\"og:title\" content=\"Contactanos - MPPPST\" \/>\n<meta property=\"og:description\" content=\"Oficina de Atenci\u00f3n Ciudadana del MPPPST: correo: oacseguimiento@gmail.com Ubicaci\u00f3n: INCES: correo: emci.comunicaciones@gmail.com Tel\u00e9fono: (0212) 603 70 &hellip; ContactanosRead more\" \/>\n<meta property=\"og:url\" content=\"https:\/\/www.mpppst.gob.ve\/mpppstweb\/index.php\/contactanos\/\" \/>\n<meta property=\"og:site_name\" content=\"MPPPST\" \/>\n<meta property=\"article:modified_time\" content=\"2025-06-10T15:31:55+00:00\" \/>\n<meta name=\"twitter:card\" content=\"summary_large_image\" \/>\n<meta name=\"twitter:label1\" content=\"Tiempo de lectura\" \/>\n\t<meta name=\"twitter:data1\" content=\"1 minuto\" \/>\n<script type=\"application\/ld+json\" class=\"yoast-schema-graph\">{\"@context\":\"https:\/\/schema.org\",\"@graph\":[{\"@type\":\"WebPage\",\"@id\":\"https:\/\/www.mpppst.gob.ve\/mpppstweb\/index.php\/contactanos\/\",\"url\":\"https:\/\/www.mpppst.gob.ve\/mpppstweb\/index.php\/contactanos\/\",\"name\":\"Contactanos - MPPPST\",\"isPartOf\":{\"@id\":\"https:\/\/www.mpppst.gob.ve\/mpppstweb\/#website\"},\"datePublished\":\"2016-08-17T19:43:48+00:00\",\"dateModified\":\"2025-06-10T15:31:55+00:00\",\"breadcrumb\":{\"@id\":\"https:\/\/www.mpppst.gob.ve\/mpppstweb\/index.php\/contactanos\/#breadcrumb\"},\"inLanguage\":\"es\",\"potentialAction\":[{\"@type\":\"ReadAction\",\"target\":[\"https:\/\/www.mpppst.gob.ve\/mpppstweb\/index.php\/contactanos\/\"]}]},{\"@type\":\"BreadcrumbList\",\"@id\":\"https:\/\/www.mpppst.gob.ve\/mpppstweb\/index.php\/contactanos\/#breadcrumb\",\"itemListElement\":[{\"@type\":\"ListItem\",\"position\":1,\"name\":\"Home\",\"item\":\"https:\/\/www.mpppst.gob.ve\/mpppstweb\/\"},{\"@type\":\"ListItem\",\"position\":2,\"name\":\"Contactanos\"}]},{\"@type\":\"WebSite\",\"@id\":\"https:\/\/www.mpppst.gob.ve\/mpppstweb\/#website\",\"url\":\"https:\/\/www.mpppst.gob.ve\/mpppstweb\/\",\"name\":\"MPPPST\",\"description\":\"Ministerio del Poder Popular para el Proceso Social de Trabajo\",\"publisher\":{\"@id\":\"https:\/\/www.mpppst.gob.ve\/mpppstweb\/#organization\"},\"potentialAction\":[{\"@type\":\"SearchAction\",\"target\":{\"@type\":\"EntryPoint\",\"urlTemplate\":\"https:\/\/www.mpppst.gob.ve\/mpppstweb\/?s={search_term_string}\"},\"query-input\":\"required name=search_term_string\"}],\"inLanguage\":\"es\"},{\"@type\":\"Organization\",\"@id\":\"https:\/\/www.mpppst.gob.ve\/mpppstweb\/#organization\",\"name\":\"mpppst\",\"url\":\"https:\/\/www.mpppst.gob.ve\/mpppstweb\/\",\"logo\":{\"@type\":\"ImageObject\",\"inLanguage\":\"es\",\"@id\":\"https:\/\/www.mpppst.gob.ve\/mpppstweb\/#\/schema\/logo\/image\/\",\"url\":\"https:\/\/www.mpppst.gob.ve\/mpppstweb\/wp-content\/uploads\/2025\/07\/cropped-cropped-g910.png\",\"contentUrl\":\"https:\/\/www.mpppst.gob.ve\/mpppstweb\/wp-content\/uploads\/2025\/07\/cropped-cropped-g910.png\",\"width\":1080,\"height\":241,\"caption\":\"mpppst\"},\"image\":{\"@id\":\"https:\/\/www.mpppst.gob.ve\/mpppstweb\/#\/schema\/logo\/image\/\"}}]}<\/script>\n<!-- \/ Yoast SEO plugin. -->","yoast_head_json":{"title":"Contactanos - MPPPST","robots":{"index":"index","follow":"follow","max-snippet":"max-snippet:-1","max-image-preview":"max-image-preview:large","max-video-preview":"max-video-preview:-1"},"canonical":"https:\/\/www.mpppst.gob.ve\/mpppstweb\/index.php\/contactanos\/","og_locale":"es_ES","og_type":"article","og_title":"Contactanos - MPPPST","og_description":"Oficina de Atenci\u00f3n Ciudadana del MPPPST: correo: oacseguimiento@gmail.com Ubicaci\u00f3n: INCES: correo: emci.comunicaciones@gmail.com Tel\u00e9fono: (0212) 603 70 &hellip; ContactanosRead more","og_url":"https:\/\/www.mpppst.gob.ve\/mpppstweb\/index.php\/contactanos\/","og_site_name":"MPPPST","article_modified_time":"2025-06-10T15:31:55+00:00","twitter_card":"summary_large_image","twitter_misc":{"Tiempo de lectura":"1 minuto"},"schema":{"@context":"https:\/\/schema.org","@graph":[{"@type":"WebPage","@id":"https:\/\/www.mpppst.gob.ve\/mpppstweb\/index.php\/contactanos\/","url":"https:\/\/www.mpppst.gob.ve\/mpppstweb\/index.php\/contactanos\/","name":"Contactanos - MPPPST","isPartOf":{"@id":"https:\/\/www.mpppst.gob.ve\/mpppstweb\/#website"},"datePublished":"2016-08-17T19:43:48+00:00","dateModified":"2025-06-10T15:31:55+00:00","breadcrumb":{"@id":"https:\/\/www.mpppst.gob.ve\/mpppstweb\/index.php\/contactanos\/#breadcrumb"},"inLanguage":"es","potentialAction":[{"@type":"ReadAction","target":["https:\/\/www.mpppst.gob.ve\/mpppstweb\/index.php\/contactanos\/"]}]},{"@type":"BreadcrumbList","@id":"https:\/\/www.mpppst.gob.ve\/mpppstweb\/index.php\/contactanos\/#breadcrumb","itemListElement":[{"@type":"ListItem","position":1,"name":"Home","item":"https:\/\/www.mpppst.gob.ve\/mpppstweb\/"},{"@type":"ListItem","position":2,"name":"Contactanos"}]},{"@type":"WebSite","@id":"https:\/\/www.mpppst.gob.ve\/mpppstweb\/#website","url":"https:\/\/www.mpppst.gob.ve\/mpppstweb\/","name":"MPPPST","description":"Ministerio del Poder Popular para el Proceso Social de Trabajo","publisher":{"@id":"https:\/\/www.mpppst.gob.ve\/mpppstweb\/#organization"},"potentialAction":[{"@type":"SearchAction","target":{"@type":"EntryPoint","urlTemplate":"https:\/\/www.mpppst.gob.ve\/mpppstweb\/?s={search_term_string}"},"query-input":"required name=search_term_string"}],"inLanguage":"es"},{"@type":"Organization","@id":"https:\/\/www.mpppst.gob.ve\/mpppstweb\/#organization","name":"mpppst","url":"https:\/\/www.mpppst.gob.ve\/mpppstweb\/","logo":{"@type":"ImageObject","inLanguage":"es","@id":"https:\/\/www.mpppst.gob.ve\/mpppstweb\/#\/schema\/logo\/image\/","url":"https:\/\/www.mpppst.gob.ve\/mpppstweb\/wp-content\/uploads\/2025\/07\/cropped-cropped-g910.png","contentUrl":"https:\/\/www.mpppst.gob.ve\/mpppstweb\/wp-content\/uploads\/2025\/07\/cropped-cropped-g910.png","width":1080,"height":241,"caption":"mpppst"},"image":{"@id":"https:\/\/www.mpppst.gob.ve\/mpppstweb\/#\/schema\/logo\/image\/"}}]}},"_links":{"self":[{"href":"https:\/\/www.mpppst.gob.ve\/mpppstweb\/index.php\/wp-json\/wp\/v2\/pages\/8238"}],"collection":[{"href":"https:\/\/www.mpppst.gob.ve\/mpppstweb\/index.php\/wp-json\/wp\/v2\/pages"}],"about":[{"href":"https:\/\/www.mpppst.gob.ve\/mpppstweb\/index.php\/wp-json\/wp\/v2\/types\/page"}],"author":[{"embeddable":true,"href":"https:\/\/www.mpppst.gob.ve\/mpppstweb\/index.php\/wp-json\/wp\/v2\/users\/25"}],"replies":[{"embeddable":true,"href":"https:\/\/www.mpppst.gob.ve\/mpppstweb\/index.php\/wp-json\/wp\/v2\/comments?post=8238"}],"version-history":[{"count":68,"href":"https:\/\/www.mpppst.gob.ve\/mpppstweb\/index.php\/wp-json\/wp\/v2\/pages\/8238\/revisions"}],"predecessor-version":[{"id":27255,"href":"https:\/\/www.mpppst.gob.ve\/mpppstweb\/index.php\/wp-json\/wp\/v2\/pages\/8238\/revisions\/27255"}],"wp:attachment":[{"href":"https:\/\/www.mpppst.gob.ve\/mpppstweb\/index.php\/wp-json\/wp\/v2\/media?parent=8238"}],"curies":[{"name":"wp","href":"https:\/\/api.w.org\/{rel}","templated":true}]}}